{"id":1495,"date":"2016-10-14T02:04:18","date_gmt":"2016-10-14T02:04:18","guid":{"rendered":"https:\/\/demo.wpthemego.com\/themes\/sw_autusin\/demo2\/?page_id=1495"},"modified":"2023-11-29T11:24:27","modified_gmt":"2023-11-29T08:24:27","slug":"belgelerimiz","status":"publish","type":"page","link":"https:\/\/aqm4wd.com\/en\/belgelerimiz\/","title":{"rendered":"Our Documents"},"content":{"rendered":"<div data-elementor-type=\"wp-page\" data-elementor-id=\"1495\" class=\"elementor elementor-1495\">\n\t\t\t\t\t\t\t\t\t<section class=\"elementor-section elementor-top-section elementor-element elementor-element-71af016 elementor-section-boxed elementor-section-height-default elementor-section-height-default\" data-id=\"71af016\" data-element_type=\"section\">\n\t\t\t\t\t\t<div class=\"elementor-container elementor-column-gap-default\">\n\t\t\t\t\t<div class=\"elementor-column elementor-col-33 elementor-top-column elementor-element elementor-element-a6a6a1c\" data-id=\"a6a6a1c\" data-element_type=\"column\">\n\t\t\t<div class=\"elementor-widget-wrap elementor-element-populated\">\n\t\t\t\t\t\t\t\t<div class=\"elementor-element elementor-element-6c496e1 elementor-invisible elementor-widget elementor-widget-image\" data-id=\"6c496e1\" data-element_type=\"widget\" data-settings=\"{&quot;motion_fx_motion_fx_mouse&quot;:&quot;yes&quot;,&quot;_animation&quot;:&quot;zoomIn&quot;}\" data-widget_type=\"image.default\">\n\t\t\t\t<div class=\"elementor-widget-container\">\n\t\t\t<style>\/*! elementor - v3.6.8 - 27-07-2022 *\/\n.elementor-widget-image{text-align:center}.elementor-widget-image a{display:inline-block}.elementor-widget-image a img[src$=\".svg\"]{width:48px}.elementor-widget-image img{vertical-align:middle;display:inline-block}<\/style>\t\t\t\t\t\t\t\t\t\t\t\t\t<a href=\"https:\/\/aqm4wd.com\/wp-content\/uploads\/2022\/08\/SERTIFIKA-1-scaled.jpg\" data-elementor-open-lightbox=\"yes\" data-elementor-lightbox-title=\"SERTIFIKA-1\" e-action-hash=\"#elementor-action%3Aaction%3Dlightbox%26settings%3DeyJpZCI6NjQ4NywidXJsIjoiaHR0cHM6XC9cL2FxbTR3ZC5jb21cL3dwLWNvbnRlbnRcL3VwbG9hZHNcLzIwMjJcLzA4XC9TRVJUSUZJS0EtMS1zY2FsZWQuanBnIn0%3D\">\n\t\t\t\t\t\t\t<img loading=\"lazy\" decoding=\"async\" width=\"1811\" height=\"2560\" src=\"https:\/\/aqm4wd.com\/wp-content\/uploads\/2022\/08\/SERTIFIKA-1-scaled.jpg\" class=\"attachment-full size-full\" alt=\"\" srcset=\"https:\/\/aqm4wd.com\/wp-content\/uploads\/2022\/08\/SERTIFIKA-1-scaled.jpg 1811w, https:\/\/aqm4wd.com\/wp-content\/uploads\/2022\/08\/SERTIFIKA-1-212x300.jpg 212w, https:\/\/aqm4wd.com\/wp-content\/uploads\/2022\/08\/SERTIFIKA-1-725x1024.jpg 725w, https:\/\/aqm4wd.com\/wp-content\/uploads\/2022\/08\/SERTIFIKA-1-768x1085.jpg 768w, https:\/\/aqm4wd.com\/wp-content\/uploads\/2022\/08\/SERTIFIKA-1-1087x1536.jpg 1087w, https:\/\/aqm4wd.com\/wp-content\/uploads\/2022\/08\/SERTIFIKA-1-1449x2048.jpg 1449w, https:\/\/aqm4wd.com\/wp-content\/uploads\/2022\/08\/SERTIFIKA-1-600x848.jpg 600w\" sizes=\"(max-width: 1811px) 100vw, 1811px\" \/>\t\t\t\t\t\t\t\t<\/a>\n\t\t\t\t\t\t\t\t\t\t\t\t\t\t\t<\/div>\n\t\t\t\t<\/div>\n\t\t\t\t\t<\/div>\n\t\t<\/div>\n\t\t\t\t<div class=\"elementor-column elementor-col-33 elementor-top-column elementor-element elementor-element-e423306\" data-id=\"e423306\" data-element_type=\"column\">\n\t\t\t<div class=\"elementor-widget-wrap elementor-element-populated\">\n\t\t\t\t\t\t\t\t<div class=\"elementor-element elementor-element-532dbeb elementor-invisible elementor-widget elementor-widget-image\" data-id=\"532dbeb\" data-element_type=\"widget\" data-settings=\"{&quot;motion_fx_motion_fx_mouse&quot;:&quot;yes&quot;,&quot;_animation&quot;:&quot;zoomIn&quot;}\" data-widget_type=\"image.default\">\n\t\t\t\t<div class=\"elementor-widget-container\">\n\t\t\t\t\t\t\t\t\t\t\t\t\t\t\t\t<a href=\"https:\/\/aqm4wd.com\/wp-content\/uploads\/2022\/08\/SERTIFIKA-2-scaled.jpg\" data-elementor-open-lightbox=\"yes\" data-elementor-lightbox-title=\"SERTIFIKA-2\" e-action-hash=\"#elementor-action%3Aaction%3Dlightbox%26settings%3DeyJpZCI6NjQ4OCwidXJsIjoiaHR0cHM6XC9cL2FxbTR3ZC5jb21cL3dwLWNvbnRlbnRcL3VwbG9hZHNcLzIwMjJcLzA4XC9TRVJUSUZJS0EtMi1zY2FsZWQuanBnIn0%3D\">\n\t\t\t\t\t\t\t<img loading=\"lazy\" decoding=\"async\" width=\"725\" height=\"1024\" src=\"https:\/\/aqm4wd.com\/wp-content\/uploads\/2022\/08\/SERTIFIKA-2-725x1024.jpg\" class=\"attachment-large size-large\" alt=\"\" srcset=\"https:\/\/aqm4wd.com\/wp-content\/uploads\/2022\/08\/SERTIFIKA-2-725x1024.jpg 725w, https:\/\/aqm4wd.com\/wp-content\/uploads\/2022\/08\/SERTIFIKA-2-212x300.jpg 212w, https:\/\/aqm4wd.com\/wp-content\/uploads\/2022\/08\/SERTIFIKA-2-768x1085.jpg 768w, https:\/\/aqm4wd.com\/wp-content\/uploads\/2022\/08\/SERTIFIKA-2-1087x1536.jpg 1087w, https:\/\/aqm4wd.com\/wp-content\/uploads\/2022\/08\/SERTIFIKA-2-1449x2048.jpg 1449w, https:\/\/aqm4wd.com\/wp-content\/uploads\/2022\/08\/SERTIFIKA-2-600x848.jpg 600w, https:\/\/aqm4wd.com\/wp-content\/uploads\/2022\/08\/SERTIFIKA-2-scaled.jpg 1811w\" sizes=\"(max-width: 725px) 100vw, 725px\" \/>\t\t\t\t\t\t\t\t<\/a>\n\t\t\t\t\t\t\t\t\t\t\t\t\t\t\t<\/div>\n\t\t\t\t<\/div>\n\t\t\t\t\t<\/div>\n\t\t<\/div>\n\t\t\t\t<div class=\"elementor-column elementor-col-33 elementor-top-column elementor-element elementor-element-cde55b1\" data-id=\"cde55b1\" data-element_type=\"column\">\n\t\t\t<div class=\"elementor-widget-wrap elementor-element-populated\">\n\t\t\t\t\t\t\t\t<div class=\"elementor-element elementor-element-90f3227 elementor-invisible elementor-widget elementor-widget-image\" data-id=\"90f3227\" data-element_type=\"widget\" data-settings=\"{&quot;motion_fx_motion_fx_mouse&quot;:&quot;yes&quot;,&quot;_animation&quot;:&quot;zoomIn&quot;}\" data-widget_type=\"image.default\">\n\t\t\t\t<div class=\"elementor-widget-container\">\n\t\t\t\t\t\t\t\t\t\t\t\t\t\t\t\t<a href=\"https:\/\/aqm4wd.com\/wp-content\/uploads\/2022\/08\/OffRoad-tescil-belgesi-scaled.jpg\" data-elementor-open-lightbox=\"yes\" data-elementor-lightbox-title=\"OffRoad--tescil-belgesi\" e-action-hash=\"#elementor-action%3Aaction%3Dlightbox%26settings%3DeyJpZCI6NjQ4OSwidXJsIjoiaHR0cHM6XC9cL2FxbTR3ZC5jb21cL3dwLWNvbnRlbnRcL3VwbG9hZHNcLzIwMjJcLzA4XC9PZmZSb2FkLXRlc2NpbC1iZWxnZXNpLXNjYWxlZC5qcGcifQ%3D%3D\">\n\t\t\t\t\t\t\t<img loading=\"lazy\" decoding=\"async\" width=\"724\" height=\"1024\" src=\"https:\/\/aqm4wd.com\/wp-content\/uploads\/2022\/08\/OffRoad-tescil-belgesi-724x1024.jpg\" class=\"attachment-large size-large\" alt=\"\" srcset=\"https:\/\/aqm4wd.com\/wp-content\/uploads\/2022\/08\/OffRoad-tescil-belgesi-724x1024.jpg 724w, https:\/\/aqm4wd.com\/wp-content\/uploads\/2022\/08\/OffRoad-tescil-belgesi-212x300.jpg 212w, https:\/\/aqm4wd.com\/wp-content\/uploads\/2022\/08\/OffRoad-tescil-belgesi-768x1087.jpg 768w, https:\/\/aqm4wd.com\/wp-content\/uploads\/2022\/08\/OffRoad-tescil-belgesi-1085x1536.jpg 1085w, https:\/\/aqm4wd.com\/wp-content\/uploads\/2022\/08\/OffRoad-tescil-belgesi-1447x2048.jpg 1447w, https:\/\/aqm4wd.com\/wp-content\/uploads\/2022\/08\/OffRoad-tescil-belgesi-600x849.jpg 600w, https:\/\/aqm4wd.com\/wp-content\/uploads\/2022\/08\/OffRoad-tescil-belgesi-scaled.jpg 1809w\" sizes=\"(max-width: 724px) 100vw, 724px\" \/>\t\t\t\t\t\t\t\t<\/a>\n\t\t\t\t\t\t\t\t\t\t\t\t\t\t\t<\/div>\n\t\t\t\t<\/div>\n\t\t\t\t\t<\/div>\n\t\t<\/div>\n\t\t\t\t\t\t\t<\/div>\n\t\t<\/section>\n\t\t\t\t\t\t\t<\/div>","protected":false},"excerpt":{"rendered":"","protected":false},"author":1,"featured_media":0,"parent":0,"menu_order":0,"comment_status":"closed","ping_status":"closed","template":"","meta":{"footnotes":""},"yoast_head":"<!-- This site is optimized with the Yoast SEO plugin v21.6 - https:\/\/yoast.com\/wordpress\/plugins\/seo\/ -->\n<title>Belgelerimiz - AQM4WD AUTO ACCESSORIES<\/title>\n<meta name=\"description\" content=\"Belgelerimiz; AQM4WD Auto Accessories Off Road 4X4 SUV Pick Up Ekipman ve Aksesuarlar\u0131 \u00fcretim ve sat\u0131\u015f sunan Aqm4wd Kocaeli Fabrikas\u0131.\" \/>\n<meta name=\"robots\" content=\"index, follow, max-snippet:-1, max-image-preview:large, max-video-preview:-1\" \/>\n<link rel=\"canonical\" href=\"https:\/\/aqm4wd.com\/en\/belgelerimiz\/\" \/>\n<meta property=\"og:locale\" content=\"en_US\" \/>\n<meta property=\"og:type\" content=\"article\" \/>\n<meta property=\"og:title\" content=\"Belgelerimiz - AQM4WD AUTO ACCESSORIES\" \/>\n<meta property=\"og:description\" content=\"Belgelerimiz; AQM4WD Auto Accessories Off Road 4X4 SUV Pick Up Ekipman ve Aksesuarlar\u0131 \u00fcretim ve sat\u0131\u015f sunan Aqm4wd Kocaeli Fabrikas\u0131.\" \/>\n<meta property=\"og:url\" content=\"https:\/\/aqm4wd.com\/en\/belgelerimiz\/\" \/>\n<meta property=\"og:site_name\" content=\"AQM4WD AUTO ACCESSORIES\" \/>\n<meta property=\"article:modified_time\" content=\"2023-11-29T08:24:27+00:00\" \/>\n<meta property=\"og:image\" content=\"http:\/\/aqm4wd.com\/wp-content\/uploads\/2022\/08\/SERTIFIKA-1-scaled.jpg\" \/>\n<meta name=\"twitter:card\" content=\"summary_large_image\" \/>\n<meta name=\"twitter:label1\" content=\"Est. reading time\" \/>\n\t<meta name=\"twitter:data1\" content=\"1 minute\" \/>\n<script type=\"application\/ld+json\" class=\"yoast-schema-graph\">{\"@context\":\"https:\/\/schema.org\",\"@graph\":[{\"@type\":\"WebPage\",\"@id\":\"https:\/\/aqm4wd.com\/belgelerimiz\/\",\"url\":\"https:\/\/aqm4wd.com\/belgelerimiz\/\",\"name\":\"Belgelerimiz - AQM4WD AUTO ACCESSORIES\",\"isPartOf\":{\"@id\":\"https:\/\/aqm4wd.com\/#website\"},\"datePublished\":\"2016-10-14T02:04:18+00:00\",\"dateModified\":\"2023-11-29T08:24:27+00:00\",\"description\":\"Belgelerimiz; AQM4WD Auto Accessories Off Road 4X4 SUV Pick Up Ekipman ve Aksesuarlar\u0131 \u00fcretim ve sat\u0131\u015f sunan Aqm4wd Kocaeli Fabrikas\u0131.\",\"breadcrumb\":{\"@id\":\"https:\/\/aqm4wd.com\/belgelerimiz\/#breadcrumb\"},\"inLanguage\":\"en-US\",\"potentialAction\":[{\"@type\":\"ReadAction\",\"target\":[\"https:\/\/aqm4wd.com\/belgelerimiz\/\"]}]},{\"@type\":\"BreadcrumbList\",\"@id\":\"https:\/\/aqm4wd.com\/belgelerimiz\/#breadcrumb\",\"itemListElement\":[{\"@type\":\"ListItem\",\"position\":1,\"name\":\"Anasayfa\",\"item\":\"https:\/\/aqm4wd.com\/\"},{\"@type\":\"ListItem\",\"position\":2,\"name\":\"Belgelerimiz\"}]},{\"@type\":\"WebSite\",\"@id\":\"https:\/\/aqm4wd.com\/#website\",\"url\":\"https:\/\/aqm4wd.com\/\",\"name\":\"AQM4WD AUTO ACCESSORIES\",\"description\":\"\",\"publisher\":{\"@id\":\"https:\/\/aqm4wd.com\/#organization\"},\"potentialAction\":[{\"@type\":\"SearchAction\",\"target\":{\"@type\":\"EntryPoint\",\"urlTemplate\":\"https:\/\/aqm4wd.com\/?s={search_term_string}\"},\"query-input\":\"required name=search_term_string\"}],\"inLanguage\":\"en-US\"},{\"@type\":\"Organization\",\"@id\":\"https:\/\/aqm4wd.com\/#organization\",\"name\":\"AQM4WD AUTO ACCESSORIES\",\"url\":\"https:\/\/aqm4wd.com\/\",\"logo\":{\"@type\":\"ImageObject\",\"inLanguage\":\"en-US\",\"@id\":\"https:\/\/aqm4wd.com\/#\/schema\/logo\/image\/\",\"url\":\"https:\/\/aqm4wd.com\/wp-content\/uploads\/2022\/08\/aqm4wd-kurumsal-logo-01.png\",\"contentUrl\":\"https:\/\/aqm4wd.com\/wp-content\/uploads\/2022\/08\/aqm4wd-kurumsal-logo-01.png\",\"width\":1013,\"height\":221,\"caption\":\"AQM4WD AUTO ACCESSORIES\"},\"image\":{\"@id\":\"https:\/\/aqm4wd.com\/#\/schema\/logo\/image\/\"},\"sameAs\":[\"https:\/\/www.linkedin.com\/company\/71521920\/admin\/feed\/posts\/\",\"https:\/\/www.youtube.com\/channel\/UCdGwcne6TIzYS20jy4Lk0Rw\",\"https:\/\/www.instagram.com\/aqm4wd\/\"]}]}<\/script>\n<!-- \/ Yoast SEO plugin. -->","yoast_head_json":{"title":"Belgelerimiz - AQM4WD AUTO ACCESSORIES","description":"Belgelerimiz; AQM4WD Auto Accessories Off Road 4X4 SUV Pick Up Ekipman ve Aksesuarlar\u0131 \u00fcretim ve sat\u0131\u015f sunan Aqm4wd Kocaeli Fabrikas\u0131.","robots":{"index":"index","follow":"follow","max-snippet":"max-snippet:-1","max-image-preview":"max-image-preview:large","max-video-preview":"max-video-preview:-1"},"canonical":"https:\/\/aqm4wd.com\/en\/belgelerimiz\/","og_locale":"en_US","og_type":"article","og_title":"Belgelerimiz - AQM4WD AUTO ACCESSORIES","og_description":"Belgelerimiz; AQM4WD Auto Accessories Off Road 4X4 SUV Pick Up Ekipman ve Aksesuarlar\u0131 \u00fcretim ve sat\u0131\u015f sunan Aqm4wd Kocaeli Fabrikas\u0131.","og_url":"https:\/\/aqm4wd.com\/en\/belgelerimiz\/","og_site_name":"AQM4WD AUTO ACCESSORIES","article_modified_time":"2023-11-29T08:24:27+00:00","og_image":[{"url":"http:\/\/aqm4wd.com\/wp-content\/uploads\/2022\/08\/SERTIFIKA-1-scaled.jpg"}],"twitter_card":"summary_large_image","twitter_misc":{"Est. reading time":"1 minute"},"schema":{"@context":"https:\/\/schema.org","@graph":[{"@type":"WebPage","@id":"https:\/\/aqm4wd.com\/belgelerimiz\/","url":"https:\/\/aqm4wd.com\/belgelerimiz\/","name":"Belgelerimiz - AQM4WD AUTO ACCESSORIES","isPartOf":{"@id":"https:\/\/aqm4wd.com\/#website"},"datePublished":"2016-10-14T02:04:18+00:00","dateModified":"2023-11-29T08:24:27+00:00","description":"Belgelerimiz; AQM4WD Auto Accessories Off Road 4X4 SUV Pick Up Ekipman ve Aksesuarlar\u0131 \u00fcretim ve sat\u0131\u015f sunan Aqm4wd Kocaeli Fabrikas\u0131.","breadcrumb":{"@id":"https:\/\/aqm4wd.com\/belgelerimiz\/#breadcrumb"},"inLanguage":"en-US","potentialAction":[{"@type":"ReadAction","target":["https:\/\/aqm4wd.com\/belgelerimiz\/"]}]},{"@type":"BreadcrumbList","@id":"https:\/\/aqm4wd.com\/belgelerimiz\/#breadcrumb","itemListElement":[{"@type":"ListItem","position":1,"name":"Anasayfa","item":"https:\/\/aqm4wd.com\/"},{"@type":"ListItem","position":2,"name":"Belgelerimiz"}]},{"@type":"WebSite","@id":"https:\/\/aqm4wd.com\/#website","url":"https:\/\/aqm4wd.com\/","name":"AQM4WD AUTO ACCESSORIES","description":"","publisher":{"@id":"https:\/\/aqm4wd.com\/#organization"},"potentialAction":[{"@type":"SearchAction","target":{"@type":"EntryPoint","urlTemplate":"https:\/\/aqm4wd.com\/?s={search_term_string}"},"query-input":"required name=search_term_string"}],"inLanguage":"en-US"},{"@type":"Organization","@id":"https:\/\/aqm4wd.com\/#organization","name":"AQM4WD AUTO ACCESSORIES","url":"https:\/\/aqm4wd.com\/","logo":{"@type":"ImageObject","inLanguage":"en-US","@id":"https:\/\/aqm4wd.com\/#\/schema\/logo\/image\/","url":"https:\/\/aqm4wd.com\/wp-content\/uploads\/2022\/08\/aqm4wd-kurumsal-logo-01.png","contentUrl":"https:\/\/aqm4wd.com\/wp-content\/uploads\/2022\/08\/aqm4wd-kurumsal-logo-01.png","width":1013,"height":221,"caption":"AQM4WD AUTO ACCESSORIES"},"image":{"@id":"https:\/\/aqm4wd.com\/#\/schema\/logo\/image\/"},"sameAs":["https:\/\/www.linkedin.com\/company\/71521920\/admin\/feed\/posts\/","https:\/\/www.youtube.com\/channel\/UCdGwcne6TIzYS20jy4Lk0Rw","https:\/\/www.instagram.com\/aqm4wd\/"]}]}},"_links":{"self":[{"href":"https:\/\/aqm4wd.com\/en\/wp-json\/wp\/v2\/pages\/1495"}],"collection":[{"href":"https:\/\/aqm4wd.com\/en\/wp-json\/wp\/v2\/pages"}],"about":[{"href":"https:\/\/aqm4wd.com\/en\/wp-json\/wp\/v2\/types\/page"}],"author":[{"embeddable":true,"href":"https:\/\/aqm4wd.com\/en\/wp-json\/wp\/v2\/users\/1"}],"replies":[{"embeddable":true,"href":"https:\/\/aqm4wd.com\/en\/wp-json\/wp\/v2\/comments?post=1495"}],"version-history":[{"count":21,"href":"https:\/\/aqm4wd.com\/en\/wp-json\/wp\/v2\/pages\/1495\/revisions"}],"predecessor-version":[{"id":7464,"href":"https:\/\/aqm4wd.com\/en\/wp-json\/wp\/v2\/pages\/1495\/revisions\/7464"}],"wp:attachment":[{"href":"https:\/\/aqm4wd.com\/en\/wp-json\/wp\/v2\/media?parent=1495"}],"curies":[{"name":"wp","href":"https:\/\/api.w.org\/{rel}","templated":true}]}}