{"id":4529,"date":"2020-02-25T16:35:26","date_gmt":"2020-02-25T07:35:26","guid":{"rendered":"https:\/\/demo.wpthemego.com\/themes\/sw_autusin\/?page_id=4529"},"modified":"2023-11-29T11:29:27","modified_gmt":"2023-11-29T08:29:27","slug":"hakkimizda","status":"publish","type":"page","link":"https:\/\/aqm4wd.com\/en\/hakkimizda\/","title":{"rendered":"About Us"},"content":{"rendered":"<div data-elementor-type=\"wp-page\" data-elementor-id=\"4529\" class=\"elementor elementor-4529\">\n\t\t\t\t\t\t\t\t\t<section class=\"elementor-section elementor-top-section elementor-element elementor-element-4f2dbf9 elementor-section-boxed elementor-section-height-default elementor-section-height-default\" data-id=\"4f2dbf9\" data-element_type=\"section\">\n\t\t\t\t\t\t<div class=\"elementor-container elementor-column-gap-default\">\n\t\t\t\t\t<div class=\"elementor-column elementor-col-50 elementor-top-column elementor-element elementor-element-a789a16\" data-id=\"a789a16\" data-element_type=\"column\">\n\t\t\t<div class=\"elementor-widget-wrap elementor-element-populated\">\n\t\t\t\t\t\t\t\t<div class=\"elementor-element elementor-element-5404eb1 e-transform elementor-widget elementor-widget-image\" data-id=\"5404eb1\" data-element_type=\"widget\" data-settings=\"{&quot;_transform_rotateZ_effect&quot;:{&quot;unit&quot;:&quot;px&quot;,&quot;size&quot;:-360,&quot;sizes&quot;:[]},&quot;_transform_rotateZ_effect_tablet&quot;:{&quot;unit&quot;:&quot;px&quot;,&quot;size&quot;:&quot;&quot;,&quot;sizes&quot;:[]},&quot;_transform_rotateZ_effect_mobile&quot;:{&quot;unit&quot;:&quot;px&quot;,&quot;size&quot;:&quot;&quot;,&quot;sizes&quot;:[]}}\" data-widget_type=\"image.default\">\n\t\t\t\t<div class=\"elementor-widget-container\">\n\t\t\t<style>\/*! elementor - v3.6.8 - 27-07-2022 *\/\n.elementor-widget-image{text-align:center}.elementor-widget-image a{display:inline-block}.elementor-widget-image a img[src$=\".svg\"]{width:48px}.elementor-widget-image img{vertical-align:middle;display:inline-block}<\/style>\t\t\t\t\t\t\t\t\t\t\t\t<img loading=\"lazy\" decoding=\"async\" width=\"1013\" height=\"221\" src=\"https:\/\/aqm4wd.com\/wp-content\/uploads\/2022\/08\/aqm4wd-kurumsal-logo-01.png\" class=\"attachment-full size-full\" alt=\"\" srcset=\"https:\/\/aqm4wd.com\/wp-content\/uploads\/2022\/08\/aqm4wd-kurumsal-logo-01.png 1013w, https:\/\/aqm4wd.com\/wp-content\/uploads\/2022\/08\/aqm4wd-kurumsal-logo-01-300x65.png 300w, https:\/\/aqm4wd.com\/wp-content\/uploads\/2022\/08\/aqm4wd-kurumsal-logo-01-768x168.png 768w, https:\/\/aqm4wd.com\/wp-content\/uploads\/2022\/08\/aqm4wd-kurumsal-logo-01-600x131.png 600w\" sizes=\"(max-width: 1013px) 100vw, 1013px\" \/>\t\t\t\t\t\t\t\t\t\t\t\t\t\t\t<\/div>\n\t\t\t\t<\/div>\n\t\t\t\t\t<\/div>\n\t\t<\/div>\n\t\t\t\t<div class=\"elementor-column elementor-col-50 elementor-top-column elementor-element elementor-element-7bbce52\" data-id=\"7bbce52\" data-element_type=\"column\">\n\t\t\t<div class=\"elementor-widget-wrap elementor-element-populated\">\n\t\t\t\t\t\t\t\t<div class=\"elementor-element elementor-element-74c432d elementor-widget elementor-widget-heading\" data-id=\"74c432d\" data-element_type=\"widget\" data-widget_type=\"heading.default\">\n\t\t\t\t<div class=\"elementor-widget-container\">\n\t\t\t<style>\/*! elementor - v3.6.8 - 27-07-2022 *\/\n.elementor-heading-title{padding:0;margin:0;line-height:1}.elementor-widget-heading .elementor-heading-title[class*=elementor-size-]>a{color:inherit;font-size:inherit;line-height:inherit}.elementor-widget-heading .elementor-heading-title.elementor-size-small{font-size:15px}.elementor-widget-heading .elementor-heading-title.elementor-size-medium{font-size:19px}.elementor-widget-heading .elementor-heading-title.elementor-size-large{font-size:29px}.elementor-widget-heading .elementor-heading-title.elementor-size-xl{font-size:39px}.elementor-widget-heading .elementor-heading-title.elementor-size-xxl{font-size:59px}<\/style><h2 class=\"elementor-heading-title elementor-size-default\">AQM4WD<\/h2>\t\t<\/div>\n\t\t\t\t<\/div>\n\t\t\t\t<div class=\"elementor-element elementor-element-a9056c8 elementor-widget elementor-widget-text-editor\" data-id=\"a9056c8\" data-element_type=\"widget\" data-widget_type=\"text-editor.default\">\n\t\t\t\t<div class=\"elementor-widget-container\">\n\t\t\t<style>\/*! elementor - v3.6.8 - 27-07-2022 *\/\n.elementor-widget-text-editor.elementor-drop-cap-view-stacked .elementor-drop-cap{background-color:#818a91;color:#fff}.elementor-widget-text-editor.elementor-drop-cap-view-framed .elementor-drop-cap{color:#818a91;border:3px solid;background-color:transparent}.elementor-widget-text-editor:not(.elementor-drop-cap-view-default) .elementor-drop-cap{margin-top:8px}.elementor-widget-text-editor:not(.elementor-drop-cap-view-default) .elementor-drop-cap-letter{width:1em;height:1em}.elementor-widget-text-editor .elementor-drop-cap{float:left;text-align:center;line-height:1;font-size:50px}.elementor-widget-text-editor .elementor-drop-cap-letter{display:inline-block}<\/style>\t\t\t\t<p>The first step on this journey began when Hasan Arapo\u011flu, with 26 years of experience in the automotive aftermarket, retired in 1997 and founded a family company to realize his dream of producing accessories for Commercial and SUV vehicles. After graduating from the Vocational High School's Machinery Department, his children Ahmet &amp; Mehmet Arapo\u011flu entered the business world with the aim of achieving a leading position in vehicle accessory production, as envisioned by their father Hasan Arapo\u011flu. With the knowledge and expertise they gained from their father and 18 years of experience working alongside him, they aimed to work in a different field. Through the experiences they gained, the two brothers later decided to venture into the field of off-road vehicle accessories due to their passion for design and production. This passion of the brothers, along with the dreams and ideas of their cousin Kadir Arapo\u011flu, who also had aspirations in the field of off-road vehicle accessories, led to the establishment of their first production facility spanning 1300 m\u00b2 in 2013<\/p>\t\t\t\t\t\t<\/div>\n\t\t\t\t<\/div>\n\t\t\t\t<div class=\"elementor-element elementor-element-84c7274 elementor-widget elementor-widget-text-editor\" data-id=\"84c7274\" data-element_type=\"widget\" data-widget_type=\"text-editor.default\">\n\t\t\t\t<div class=\"elementor-widget-container\">\n\t\t\t\t\t\t\t<p>Expanding their product range, they officially launched \"ARP PLUS AUTO ACCESSORIES\" on March 10, 2015, to operate in the automotive sector. They gained significant momentum on this path, and in 2017, they built their first facility covering 6300 m\u00b2 in the \u0130zmit district of Kocaeli, and established the sub-brand AQM4WD. Inspired by the initials of Ahmet-Kadir-Mehmet, who embarked on this journey together with the pursuit of a dream, and the abbreviation of 4x4 in English, they created the brand name AQM4WD. They possess the largest and most advanced high-tech machinery parks established in this field within their country, and they achieved a first in Turkey by producing delivery vehicles for the world's largest e-commerce companies. Being innovative and pioneering is the fundamental principle for AQM4WD. <strong>AQM4WD<\/strong> olarak, yenilik\u00e7i ve \u00f6nc\u00fc olmak temel prensipleri.<\/p>\t\t\t\t\t\t<\/div>\n\t\t\t\t<\/div>\n\t\t\t\t\t<\/div>\n\t\t<\/div>\n\t\t\t\t\t\t\t<\/div>\n\t\t<\/section>\n\t\t\t\t\t\t\t<\/div>","protected":false},"excerpt":{"rendered":"<p>AQM4WD Bu yolda ki ilk ad\u0131m, Hasan Arapo\u011flu\u2019nun 1997 y\u0131l\u0131nda emekli olu\u015fundan sonra 26 y\u0131ll\u0131k otomotiv yan sanayinde sahip oldu\u011fu tecr\u00fcbesini, Ticari ve SUV ara\u00e7lara aksesuar \u00fcretme hayalini ger\u00e7ekle\u015ftirmek ad\u0131na kurdu\u011fu aile \u015firketinde ba\u015flad\u0131. \u00c7ocuklar\u0131 Ahmet &amp; Mehmet Arapo\u011flu Meslek &hellip; <a href=\"https:\/\/aqm4wd.com\/en\/hakkimizda\/\">Readmore<\/a><\/p>","protected":false},"author":1,"featured_media":8041,"parent":0,"menu_order":0,"comment_status":"closed","ping_status":"closed","template":"","meta":{"footnotes":""},"yoast_head":"<!-- This site is optimized with the Yoast SEO plugin v21.6 - https:\/\/yoast.com\/wordpress\/plugins\/seo\/ -->\n<title>Hakk\u0131m\u0131zda - AQM4WD AUTO ACCESSORIES<\/title>\n<meta name=\"description\" content=\"Hakk\u0131m\u0131zda; AQM4WD Auto Accessories Off Road 4X4 SUV Pick Up Ekipman ve Aksesuarlar\u0131 \u00fcretim ve sat\u0131\u015f sunan Aqm4wd Kocaeli Fabrikas\u0131.\" \/>\n<meta name=\"robots\" content=\"index, follow, max-snippet:-1, max-image-preview:large, max-video-preview:-1\" \/>\n<link rel=\"canonical\" href=\"https:\/\/aqm4wd.com\/en\/hakkimizda\/\" \/>\n<meta property=\"og:locale\" content=\"en_US\" \/>\n<meta property=\"og:type\" content=\"article\" \/>\n<meta property=\"og:title\" content=\"Hakk\u0131m\u0131zda - AQM4WD AUTO ACCESSORIES\" \/>\n<meta property=\"og:description\" content=\"Hakk\u0131m\u0131zda; AQM4WD Auto Accessories Off Road 4X4 SUV Pick Up Ekipman ve Aksesuarlar\u0131 \u00fcretim ve sat\u0131\u015f sunan Aqm4wd Kocaeli Fabrikas\u0131.\" \/>\n<meta property=\"og:url\" content=\"https:\/\/aqm4wd.com\/en\/hakkimizda\/\" \/>\n<meta property=\"og:site_name\" content=\"AQM4WD AUTO ACCESSORIES\" \/>\n<meta property=\"article:modified_time\" content=\"2023-11-29T08:29:27+00:00\" \/>\n<meta property=\"og:image\" content=\"https:\/\/aqm4wd.com\/wp-content\/uploads\/2023\/11\/AQM4WD-Auto-Accessories-Off-Road-4X4-SUV-Pick-Up-Ekipman-ve-Aksesuarlar.jpg\" \/>\n\t<meta property=\"og:image:width\" content=\"750\" \/>\n\t<meta property=\"og:image:height\" content=\"750\" \/>\n\t<meta property=\"og:image:type\" content=\"image\/jpeg\" \/>\n<meta name=\"twitter:card\" content=\"summary_large_image\" \/>\n<meta name=\"twitter:label1\" content=\"Est. reading time\" \/>\n\t<meta name=\"twitter:data1\" content=\"2 minutes\" \/>\n<script type=\"application\/ld+json\" class=\"yoast-schema-graph\">{\"@context\":\"https:\/\/schema.org\",\"@graph\":[{\"@type\":\"WebPage\",\"@id\":\"https:\/\/aqm4wd.com\/hakkimizda\/\",\"url\":\"https:\/\/aqm4wd.com\/hakkimizda\/\",\"name\":\"Hakk\u0131m\u0131zda - AQM4WD AUTO ACCESSORIES\",\"isPartOf\":{\"@id\":\"https:\/\/aqm4wd.com\/#website\"},\"datePublished\":\"2020-02-25T07:35:26+00:00\",\"dateModified\":\"2023-11-29T08:29:27+00:00\",\"description\":\"Hakk\u0131m\u0131zda; AQM4WD Auto Accessories Off Road 4X4 SUV Pick Up Ekipman ve Aksesuarlar\u0131 \u00fcretim ve sat\u0131\u015f sunan Aqm4wd Kocaeli Fabrikas\u0131.\",\"breadcrumb\":{\"@id\":\"https:\/\/aqm4wd.com\/hakkimizda\/#breadcrumb\"},\"inLanguage\":\"en-US\",\"potentialAction\":[{\"@type\":\"ReadAction\",\"target\":[\"https:\/\/aqm4wd.com\/hakkimizda\/\"]}]},{\"@type\":\"BreadcrumbList\",\"@id\":\"https:\/\/aqm4wd.com\/hakkimizda\/#breadcrumb\",\"itemListElement\":[{\"@type\":\"ListItem\",\"position\":1,\"name\":\"Anasayfa\",\"item\":\"https:\/\/aqm4wd.com\/\"},{\"@type\":\"ListItem\",\"position\":2,\"name\":\"Hakk\u0131m\u0131zda\"}]},{\"@type\":\"WebSite\",\"@id\":\"https:\/\/aqm4wd.com\/#website\",\"url\":\"https:\/\/aqm4wd.com\/\",\"name\":\"AQM4WD AUTO ACCESSORIES\",\"description\":\"\",\"publisher\":{\"@id\":\"https:\/\/aqm4wd.com\/#organization\"},\"potentialAction\":[{\"@type\":\"SearchAction\",\"target\":{\"@type\":\"EntryPoint\",\"urlTemplate\":\"https:\/\/aqm4wd.com\/?s={search_term_string}\"},\"query-input\":\"required name=search_term_string\"}],\"inLanguage\":\"en-US\"},{\"@type\":\"Organization\",\"@id\":\"https:\/\/aqm4wd.com\/#organization\",\"name\":\"AQM4WD AUTO ACCESSORIES\",\"url\":\"https:\/\/aqm4wd.com\/\",\"logo\":{\"@type\":\"ImageObject\",\"inLanguage\":\"en-US\",\"@id\":\"https:\/\/aqm4wd.com\/#\/schema\/logo\/image\/\",\"url\":\"https:\/\/aqm4wd.com\/wp-content\/uploads\/2022\/08\/aqm4wd-kurumsal-logo-01.png\",\"contentUrl\":\"https:\/\/aqm4wd.com\/wp-content\/uploads\/2022\/08\/aqm4wd-kurumsal-logo-01.png\",\"width\":1013,\"height\":221,\"caption\":\"AQM4WD AUTO ACCESSORIES\"},\"image\":{\"@id\":\"https:\/\/aqm4wd.com\/#\/schema\/logo\/image\/\"},\"sameAs\":[\"https:\/\/www.linkedin.com\/company\/71521920\/admin\/feed\/posts\/\",\"https:\/\/www.youtube.com\/channel\/UCdGwcne6TIzYS20jy4Lk0Rw\",\"https:\/\/www.instagram.com\/aqm4wd\/\"]}]}<\/script>\n<!-- \/ Yoast SEO plugin. -->","yoast_head_json":{"title":"Hakk\u0131m\u0131zda - AQM4WD AUTO ACCESSORIES","description":"Hakk\u0131m\u0131zda; AQM4WD Auto Accessories Off Road 4X4 SUV Pick Up Ekipman ve Aksesuarlar\u0131 \u00fcretim ve sat\u0131\u015f sunan Aqm4wd Kocaeli Fabrikas\u0131.","robots":{"index":"index","follow":"follow","max-snippet":"max-snippet:-1","max-image-preview":"max-image-preview:large","max-video-preview":"max-video-preview:-1"},"canonical":"https:\/\/aqm4wd.com\/en\/hakkimizda\/","og_locale":"en_US","og_type":"article","og_title":"Hakk\u0131m\u0131zda - AQM4WD AUTO ACCESSORIES","og_description":"Hakk\u0131m\u0131zda; AQM4WD Auto Accessories Off Road 4X4 SUV Pick Up Ekipman ve Aksesuarlar\u0131 \u00fcretim ve sat\u0131\u015f sunan Aqm4wd Kocaeli Fabrikas\u0131.","og_url":"https:\/\/aqm4wd.com\/en\/hakkimizda\/","og_site_name":"AQM4WD AUTO ACCESSORIES","article_modified_time":"2023-11-29T08:29:27+00:00","og_image":[{"width":750,"height":750,"url":"https:\/\/aqm4wd.com\/wp-content\/uploads\/2023\/11\/AQM4WD-Auto-Accessories-Off-Road-4X4-SUV-Pick-Up-Ekipman-ve-Aksesuarlar.jpg","type":"image\/jpeg"}],"twitter_card":"summary_large_image","twitter_misc":{"Est. reading time":"2 minutes"},"schema":{"@context":"https:\/\/schema.org","@graph":[{"@type":"WebPage","@id":"https:\/\/aqm4wd.com\/hakkimizda\/","url":"https:\/\/aqm4wd.com\/hakkimizda\/","name":"Hakk\u0131m\u0131zda - AQM4WD AUTO ACCESSORIES","isPartOf":{"@id":"https:\/\/aqm4wd.com\/#website"},"datePublished":"2020-02-25T07:35:26+00:00","dateModified":"2023-11-29T08:29:27+00:00","description":"Hakk\u0131m\u0131zda; AQM4WD Auto Accessories Off Road 4X4 SUV Pick Up Ekipman ve Aksesuarlar\u0131 \u00fcretim ve sat\u0131\u015f sunan Aqm4wd Kocaeli Fabrikas\u0131.","breadcrumb":{"@id":"https:\/\/aqm4wd.com\/hakkimizda\/#breadcrumb"},"inLanguage":"en-US","potentialAction":[{"@type":"ReadAction","target":["https:\/\/aqm4wd.com\/hakkimizda\/"]}]},{"@type":"BreadcrumbList","@id":"https:\/\/aqm4wd.com\/hakkimizda\/#breadcrumb","itemListElement":[{"@type":"ListItem","position":1,"name":"Anasayfa","item":"https:\/\/aqm4wd.com\/"},{"@type":"ListItem","position":2,"name":"Hakk\u0131m\u0131zda"}]},{"@type":"WebSite","@id":"https:\/\/aqm4wd.com\/#website","url":"https:\/\/aqm4wd.com\/","name":"AQM4WD AUTO ACCESSORIES","description":"","publisher":{"@id":"https:\/\/aqm4wd.com\/#organization"},"potentialAction":[{"@type":"SearchAction","target":{"@type":"EntryPoint","urlTemplate":"https:\/\/aqm4wd.com\/?s={search_term_string}"},"query-input":"required name=search_term_string"}],"inLanguage":"en-US"},{"@type":"Organization","@id":"https:\/\/aqm4wd.com\/#organization","name":"AQM4WD AUTO ACCESSORIES","url":"https:\/\/aqm4wd.com\/","logo":{"@type":"ImageObject","inLanguage":"en-US","@id":"https:\/\/aqm4wd.com\/#\/schema\/logo\/image\/","url":"https:\/\/aqm4wd.com\/wp-content\/uploads\/2022\/08\/aqm4wd-kurumsal-logo-01.png","contentUrl":"https:\/\/aqm4wd.com\/wp-content\/uploads\/2022\/08\/aqm4wd-kurumsal-logo-01.png","width":1013,"height":221,"caption":"AQM4WD AUTO ACCESSORIES"},"image":{"@id":"https:\/\/aqm4wd.com\/#\/schema\/logo\/image\/"},"sameAs":["https:\/\/www.linkedin.com\/company\/71521920\/admin\/feed\/posts\/","https:\/\/www.youtube.com\/channel\/UCdGwcne6TIzYS20jy4Lk0Rw","https:\/\/www.instagram.com\/aqm4wd\/"]}]}},"_links":{"self":[{"href":"https:\/\/aqm4wd.com\/en\/wp-json\/wp\/v2\/pages\/4529"}],"collection":[{"href":"https:\/\/aqm4wd.com\/en\/wp-json\/wp\/v2\/pages"}],"about":[{"href":"https:\/\/aqm4wd.com\/en\/wp-json\/wp\/v2\/types\/page"}],"author":[{"embeddable":true,"href":"https:\/\/aqm4wd.com\/en\/wp-json\/wp\/v2\/users\/1"}],"replies":[{"embeddable":true,"href":"https:\/\/aqm4wd.com\/en\/wp-json\/wp\/v2\/comments?post=4529"}],"version-history":[{"count":32,"href":"https:\/\/aqm4wd.com\/en\/wp-json\/wp\/v2\/pages\/4529\/revisions"}],"predecessor-version":[{"id":8023,"href":"https:\/\/aqm4wd.com\/en\/wp-json\/wp\/v2\/pages\/4529\/revisions\/8023"}],"wp:featuredmedia":[{"embeddable":true,"href":"https:\/\/aqm4wd.com\/en\/wp-json\/wp\/v2\/media\/8041"}],"wp:attachment":[{"href":"https:\/\/aqm4wd.com\/en\/wp-json\/wp\/v2\/media?parent=4529"}],"curies":[{"name":"wp","href":"https:\/\/api.w.org\/{rel}","templated":true}]}}