{"id":7463,"date":"2023-10-08T21:37:15","date_gmt":"2023-10-08T18:37:15","guid":{"rendered":"https:\/\/aqm4wd.com\/?page_id=7463"},"modified":"2023-11-29T11:28:24","modified_gmt":"2023-11-29T08:28:24","slug":"blog","status":"publish","type":"page","link":"https:\/\/aqm4wd.com\/en\/blog\/","title":{"rendered":"Blog"},"content":{"rendered":"<p>[vc_row css=&#8221;.vc_custom_1696954840821{margin-top: -15px !important;}&#8221;][vc_column]\t<div class=\"category-contents\">\r\t\t\t\t\t\t<div class=\"blog-content blog-content-list\">\r\t\t\t<div id=\"post-5983\" class=\"clearfix post-5983 post type-post status-publish format-standard has-post-thumbnail hentry category-genel tag-off-road\">\n\t\t<div class=\"entry clearfix\">\n\t\t\t\t\t\t\t\t\t\t\t<div class=\"entry-thumb\">\t\n\t\t\t\t\t<a class=\"entry-hover\" href=\"https:\/\/aqm4wd.com\/en\/off-road-deneyimini-zenginlestiren-aksesuarlar\/\" title=\"Accessories That Enrich the Off-Road Experience\">\n\t\t\t\t\t\t<img loading=\"lazy\" decoding=\"async\" width=\"2560\" height=\"1326\" src=\"https:\/\/aqm4wd.com\/wp-content\/uploads\/2019\/10\/2-scaled.jpg\" class=\"attachment-full  size-full  wp-post-image\" alt=\"\" srcset=\"https:\/\/aqm4wd.com\/wp-content\/uploads\/2019\/10\/2-scaled.jpg 2560w, https:\/\/aqm4wd.com\/wp-content\/uploads\/2019\/10\/2-300x155.jpg 300w, https:\/\/aqm4wd.com\/wp-content\/uploads\/2019\/10\/2-1024x530.jpg 1024w, https:\/\/aqm4wd.com\/wp-content\/uploads\/2019\/10\/2-768x398.jpg 768w, https:\/\/aqm4wd.com\/wp-content\/uploads\/2019\/10\/2-1536x796.jpg 1536w, https:\/\/aqm4wd.com\/wp-content\/uploads\/2019\/10\/2-2048x1061.jpg 2048w, https:\/\/aqm4wd.com\/wp-content\/uploads\/2019\/10\/2-870x450.jpg 870w, https:\/\/aqm4wd.com\/wp-content\/uploads\/2019\/10\/2-600x311.jpg 600w\" sizes=\"(max-width: 2560px) 100vw, 2560px\">\t\t\t\n\t\t\t\t\t<\/a>\t\n\t\t\t\t<\/div>\n\t\t\t\t\t\n\t\t\t<div class=\"entry-content\">\t\t\t\t\n\t\t\t\t<div class=\"content-top clearfix\">\n\t\t\t\t\t<div class=\"entry-title\">\n\t\t\t\t\t\t<h4><a href=\"https:\/\/aqm4wd.com\/en\/off-road-deneyimini-zenginlestiren-aksesuarlar\/\">Accessories That Enrich the Off-Road Experience<\/a><\/h4>\n\t\t\t\t\t<\/div>\n\t\t\t\t\t<div class=\"entry-meta\">\n\t\t\t\t\t\t\t<span class=\"entry-author\">\n\t\t\t\t\t\t\t\t<i class=\"fa fa-user\"><\/i>Post by: <a href=\"https:\/\/aqm4wd.com\/en\/author\/admin\/\" title=\"Posts by admin\" rel=\"author\">admin<\/a>\t\t\t\t\t\t\t<\/span>\n\t\t\t\t\t\t\t<span class=\"entry-date\"><a href=\"https:\/\/aqm4wd.com\/en\/off-road-deneyimini-zenginlestiren-aksesuarlar\/\"><i class=\"fa fa-clock-o\"><\/i>14 October 2019<\/a><\/span>\n\t\t\t\t\t\t\t<span class=\"entry-comment\">\n\t\t\t\t\t\t\t\t<a href=\"https:\/\/aqm4wd.com\/en\/off-road-deneyimini-zenginlestiren-aksesuarlar\/#respond\"><i class=\"fa fa-comments\"><\/i>0 Comments<\/a>\n\t\t\t\t\t\t\t<\/span>\n\t\t\t\t\t\t\t\t\t\t\t\t\t\t\t<span class=\"entry-meta-link entry-meta-tag\"><span class=\"fa fa-tags\"><\/span><a href=\"https:\/\/aqm4wd.com\/en\/tag\/off-road\/\" rel=\"tag\">off-road<\/a><\/span>\t\t\t\t\t\t\t\t\t\t\t\t<\/div>\n\t\t\t\t\t<div class=\"entry-summary\">\n\t\t\t\t\t\tOff-road s\u00fcr\u00fc\u015fleri, do\u011fan\u0131n ortas\u0131nda macera dolu anlar ya\u015faman\u0131n harika bir yoludur. Ancak, off-road deneyiminizi daha g\u00fcvenli, keyifli ve zengin k\u0131lmak i\u00e7in do\u011fru aksesuarlar\u0131 kullanmak \u00f6nemlidir. Bu yaz\u0131da, off-road deneyimini zenginle\u015ftiren baz\u0131 \u00f6nemli aksesuarlar\u0131 inceleyece\u011fiz. AQM4WD Front Bumpers: Aqm4wd \u00f6n tampon &amp; koruma \u00fcr\u00fcnleri arac\u0131n\u0131z\u0131n \u00f6n k\u0131sm\u0131n\u0131 darbelere, \u00e7izilmelere ve \u00e7arp\u0131\u015fmalara kar\u015f\u0131 korur. Off-road s\u00fcr\u00fc\u015flerinde s\u0131k...\t\n\t\t\t\t\t<\/div>\n\t\t\t\t<\/div>\n\t\t\t\t<div class=\"readmore\"><a href=\"https:\/\/aqm4wd.com\/en\/off-road-deneyimini-zenginlestiren-aksesuarlar\/\"><i class=\"fa fa-caret-right\"><\/i>Read More<\/a><\/div>\n\t\t\t<\/div>\n\t\t\t\t\t<\/div>\n\t<\/div>\t<div id=\"post-1527\" class=\"clearfix post-1527 post type-post status-publish format-standard has-post-thumbnail hentry category-genel tag-off-road\">\n\t\t<div class=\"entry clearfix\">\n\t\t\t\t\t\t\t\t\t\t\t<div class=\"entry-thumb\">\t\n\t\t\t\t\t<a class=\"entry-hover\" href=\"https:\/\/aqm4wd.com\/en\/off-road-arac-aksesuarlari-nedir\/\" title=\"What are Off-Road Vehicle Accessories?\">\n\t\t\t\t\t\t<img loading=\"lazy\" decoding=\"async\" width=\"2560\" height=\"1323\" src=\"https:\/\/aqm4wd.com\/wp-content\/uploads\/2019\/10\/1-scaled.jpg\" class=\"attachment-full  size-full  wp-post-image\" alt=\"\" srcset=\"https:\/\/aqm4wd.com\/wp-content\/uploads\/2019\/10\/1-scaled.jpg 2560w, https:\/\/aqm4wd.com\/wp-content\/uploads\/2019\/10\/1-300x155.jpg 300w, https:\/\/aqm4wd.com\/wp-content\/uploads\/2019\/10\/1-1024x529.jpg 1024w, https:\/\/aqm4wd.com\/wp-content\/uploads\/2019\/10\/1-768x397.jpg 768w, https:\/\/aqm4wd.com\/wp-content\/uploads\/2019\/10\/1-1536x794.jpg 1536w, https:\/\/aqm4wd.com\/wp-content\/uploads\/2019\/10\/1-2048x1058.jpg 2048w, https:\/\/aqm4wd.com\/wp-content\/uploads\/2019\/10\/1-870x450.jpg 870w, https:\/\/aqm4wd.com\/wp-content\/uploads\/2019\/10\/1-600x310.jpg 600w\" sizes=\"(max-width: 2560px) 100vw, 2560px\">\t\t\t\n\t\t\t\t\t<\/a>\t\n\t\t\t\t<\/div>\n\t\t\t\t\t\n\t\t\t<div class=\"entry-content\">\t\t\t\t\n\t\t\t\t<div class=\"content-top clearfix\">\n\t\t\t\t\t<div class=\"entry-title\">\n\t\t\t\t\t\t<h4><a href=\"https:\/\/aqm4wd.com\/en\/off-road-arac-aksesuarlari-nedir\/\">What are Off-Road Vehicle Accessories?<\/a><\/h4>\n\t\t\t\t\t<\/div>\n\t\t\t\t\t<div class=\"entry-meta\">\n\t\t\t\t\t\t\t<span class=\"entry-author\">\n\t\t\t\t\t\t\t\t<i class=\"fa fa-user\"><\/i>Post by: <a href=\"https:\/\/aqm4wd.com\/en\/author\/admin\/\" title=\"Posts by admin\" rel=\"author\">admin<\/a>\t\t\t\t\t\t\t<\/span>\n\t\t\t\t\t\t\t<span class=\"entry-date\"><a href=\"https:\/\/aqm4wd.com\/en\/off-road-arac-aksesuarlari-nedir\/\"><i class=\"fa fa-clock-o\"><\/i>14 October 2019<\/a><\/span>\n\t\t\t\t\t\t\t<span class=\"entry-comment\">\n\t\t\t\t\t\t\t\t<a href=\"https:\/\/aqm4wd.com\/en\/off-road-arac-aksesuarlari-nedir\/#respond\"><i class=\"fa fa-comments\"><\/i>0 Comments<\/a>\n\t\t\t\t\t\t\t<\/span>\n\t\t\t\t\t\t\t\t\t\t\t\t\t\t\t<span class=\"entry-meta-link entry-meta-tag\"><span class=\"fa fa-tags\"><\/span><a href=\"https:\/\/aqm4wd.com\/en\/tag\/off-road\/\" rel=\"tag\">off-road<\/a><\/span>\t\t\t\t\t\t\t\t\t\t\t\t<\/div>\n\t\t\t\t\t<div class=\"entry-summary\">\n\t\t\t\t\t\tOff-Road Ara\u00e7 Aksesuarlar\u0131 Nedir? Off-road tutkunlar\u0131 i\u00e7in, ara\u00e7lar\u0131na ekstra performans ve dayan\u0131kl\u0131l\u0131k katmak istemeleri olduk\u00e7a yayg\u0131nd\u0131r. Off-road ara\u00e7 aksesuarlar\u0131, bu macera dolu yolculuklarda arac\u0131n\u0131z\u0131 daha yetenekli ve g\u00fcvenli hale getiren ekipmanlar ve modifikasyonlar i\u00e7erir. Bu yaz\u0131da, off-road ara\u00e7 aksesuarlar\u0131n\u0131n ne oldu\u011funu ve neden bu kadar \u00f6nemli olduklar\u0131n\u0131 anlataca\u011f\u0131z. Off-Road Ara\u00e7 Aksesuarlar\u0131 Nedir? Off-road ara\u00e7 aksesuarlar\u0131,...\t\n\t\t\t\t\t<\/div>\n\t\t\t\t<\/div>\n\t\t\t\t<div class=\"readmore\"><a href=\"https:\/\/aqm4wd.com\/en\/off-road-arac-aksesuarlari-nedir\/\"><i class=\"fa fa-caret-right\"><\/i>Read More<\/a><\/div>\n\t\t\t<\/div>\n\t\t\t\t\t<\/div>\n\t<\/div>\t<div id=\"post-5982\" class=\"clearfix post-5982 post type-post status-publish format-standard has-post-thumbnail hentry category-genel tag-off-road\">\n\t\t<div class=\"entry clearfix\">\n\t\t\t\t\t\t\t\t\t\t\t<div class=\"entry-thumb\">\t\n\t\t\t\t\t<a class=\"entry-hover\" href=\"https:\/\/aqm4wd.com\/en\/off-road-arac-aksesuarlariyla-guvenle-yola-cikin\/\" title=\"Hit the Road Safely with Off-Road Vehicle Accessories\">\n\t\t\t\t\t\t<img loading=\"lazy\" decoding=\"async\" width=\"2560\" height=\"1323\" src=\"https:\/\/aqm4wd.com\/wp-content\/uploads\/2019\/10\/3-scaled.jpg\" class=\"attachment-full  size-full  wp-post-image\" alt=\"\" srcset=\"https:\/\/aqm4wd.com\/wp-content\/uploads\/2019\/10\/3-scaled.jpg 2560w, https:\/\/aqm4wd.com\/wp-content\/uploads\/2019\/10\/3-300x155.jpg 300w, https:\/\/aqm4wd.com\/wp-content\/uploads\/2019\/10\/3-1024x529.jpg 1024w, https:\/\/aqm4wd.com\/wp-content\/uploads\/2019\/10\/3-768x397.jpg 768w, https:\/\/aqm4wd.com\/wp-content\/uploads\/2019\/10\/3-1536x794.jpg 1536w, https:\/\/aqm4wd.com\/wp-content\/uploads\/2019\/10\/3-2048x1058.jpg 2048w, https:\/\/aqm4wd.com\/wp-content\/uploads\/2019\/10\/3-870x450.jpg 870w, https:\/\/aqm4wd.com\/wp-content\/uploads\/2019\/10\/3-600x310.jpg 600w\" sizes=\"(max-width: 2560px) 100vw, 2560px\">\t\t\t\n\t\t\t\t\t<\/a>\t\n\t\t\t\t<\/div>\n\t\t\t\t\t\n\t\t\t<div class=\"entry-content\">\t\t\t\t\n\t\t\t\t<div class=\"content-top clearfix\">\n\t\t\t\t\t<div class=\"entry-title\">\n\t\t\t\t\t\t<h4><a href=\"https:\/\/aqm4wd.com\/en\/off-road-arac-aksesuarlariyla-guvenle-yola-cikin\/\">Hit the Road Safely with Off-Road Vehicle Accessories<\/a><\/h4>\n\t\t\t\t\t<\/div>\n\t\t\t\t\t<div class=\"entry-meta\">\n\t\t\t\t\t\t\t<span class=\"entry-author\">\n\t\t\t\t\t\t\t\t<i class=\"fa fa-user\"><\/i>Post by: <a href=\"https:\/\/aqm4wd.com\/en\/author\/admin\/\" title=\"Posts by admin\" rel=\"author\">admin<\/a>\t\t\t\t\t\t\t<\/span>\n\t\t\t\t\t\t\t<span class=\"entry-date\"><a href=\"https:\/\/aqm4wd.com\/en\/off-road-arac-aksesuarlariyla-guvenle-yola-cikin\/\"><i class=\"fa fa-clock-o\"><\/i>14 October 2019<\/a><\/span>\n\t\t\t\t\t\t\t<span class=\"entry-comment\">\n\t\t\t\t\t\t\t\t<a href=\"https:\/\/aqm4wd.com\/en\/off-road-arac-aksesuarlariyla-guvenle-yola-cikin\/#respond\"><i class=\"fa fa-comments\"><\/i>0 Comments<\/a>\n\t\t\t\t\t\t\t<\/span>\n\t\t\t\t\t\t\t\t\t\t\t\t\t\t\t<span class=\"entry-meta-link entry-meta-tag\"><span class=\"fa fa-tags\"><\/span><a href=\"https:\/\/aqm4wd.com\/en\/tag\/off-road\/\" rel=\"tag\">off-road<\/a><\/span>\t\t\t\t\t\t\t\t\t\t\t\t<\/div>\n\t\t\t\t\t<div class=\"entry-summary\">\n\t\t\t\t\t\tOff-road s\u00fcr\u00fc\u015fleri, do\u011fan\u0131n g\u00fczelliklerini ke\u015ffetmek ve heyecan dolu maceralar ya\u015famak i\u00e7in harika bir yol sunar. Ancak, bu t\u00fcr yolculuklarda g\u00fcvenlik her zaman \u00f6ncelikli olmal\u0131d\u0131r. Off-road ara\u00e7 aksesuarlar\u0131, size bu t\u00fcr deneyimlerde g\u00fcvenle yola \u00e7\u0131kma f\u0131rsat\u0131 sunar. \u0130\u015fte off-road ara\u00e7 aksesuarlar\u0131yla g\u00fcvenle yola \u00e7\u0131kman\u0131n \u00f6nemini ve baz\u0131 \u00f6nemli aksesuarlar\u0131 anlatan bir rehber. G\u00fcvenlik Her \u015eeydir: Neden...\t\n\t\t\t\t\t<\/div>\n\t\t\t\t<\/div>\n\t\t\t\t<div class=\"readmore\"><a href=\"https:\/\/aqm4wd.com\/en\/off-road-arac-aksesuarlariyla-guvenle-yola-cikin\/\"><i class=\"fa fa-caret-right\"><\/i>Read More<\/a><\/div>\n\t\t\t<\/div>\n\t\t\t\t\t<\/div>\n\t<\/div>\t\t<\/div>\r\t\t\t<\/div>\r[\/vc_column][\/vc_row][vc_row][vc_column][\/vc_column][\/vc_row]<\/p>","protected":false},"excerpt":{"rendered":"<p>[vc_row css=&#8221;.vc_custom_1696954840821{margin-top: -15px !important;}&#8221;][vc_column][\/vc_column][\/vc_row][vc_row][vc_column][\/vc_column][\/vc_row]<\/p>","protected":false},"author":1,"featured_media":7904,"parent":0,"menu_order":0,"comment_status":"closed","ping_status":"closed","template":"","meta":{"footnotes":""},"yoast_head":"<!-- This site is optimized with the Yoast SEO plugin v21.6 - https:\/\/yoast.com\/wordpress\/plugins\/seo\/ -->\n<title>Blog - AQM4WD AUTO ACCESSORIES<\/title>\n<meta name=\"description\" content=\"Blog; AQM4WD Auto Accessories Off Road 4X4 SUV Pick Up Ekipman ve Aksesuarlar\u0131 \u00fcretim ve sat\u0131\u015f sunan Aqm4wd Kocaeli Fabrikas\u0131.\" \/>\n<meta name=\"robots\" content=\"index, follow, max-snippet:-1, max-image-preview:large, max-video-preview:-1\" \/>\n<link rel=\"canonical\" href=\"https:\/\/aqm4wd.com\/en\/blog\/\" \/>\n<meta property=\"og:locale\" content=\"en_US\" \/>\n<meta property=\"og:type\" content=\"article\" \/>\n<meta property=\"og:title\" content=\"Blog - AQM4WD AUTO ACCESSORIES\" \/>\n<meta property=\"og:description\" content=\"Blog; AQM4WD Auto Accessories Off Road 4X4 SUV Pick Up Ekipman ve Aksesuarlar\u0131 \u00fcretim ve sat\u0131\u015f sunan Aqm4wd Kocaeli Fabrikas\u0131.\" \/>\n<meta property=\"og:url\" content=\"https:\/\/aqm4wd.com\/en\/blog\/\" \/>\n<meta property=\"og:site_name\" content=\"AQM4WD AUTO ACCESSORIES\" \/>\n<meta property=\"article:modified_time\" content=\"2023-11-29T08:28:24+00:00\" \/>\n<meta property=\"og:image\" content=\"https:\/\/aqm4wd.com\/wp-content\/uploads\/2023\/11\/Mobil-slide-927x480px-1.webp\" \/>\n\t<meta property=\"og:image:width\" content=\"927\" \/>\n\t<meta property=\"og:image:height\" content=\"480\" \/>\n\t<meta property=\"og:image:type\" content=\"image\/webp\" \/>\n<meta name=\"twitter:card\" content=\"summary_large_image\" \/>\n<meta name=\"twitter:label1\" content=\"Est. reading time\" \/>\n\t<meta name=\"twitter:data1\" content=\"1 minute\" \/>\n<script type=\"application\/ld+json\" class=\"yoast-schema-graph\">{\"@context\":\"https:\/\/schema.org\",\"@graph\":[{\"@type\":\"WebPage\",\"@id\":\"https:\/\/aqm4wd.com\/blog\/\",\"url\":\"https:\/\/aqm4wd.com\/blog\/\",\"name\":\"Blog - AQM4WD AUTO ACCESSORIES\",\"isPartOf\":{\"@id\":\"https:\/\/aqm4wd.com\/#website\"},\"datePublished\":\"2023-10-08T18:37:15+00:00\",\"dateModified\":\"2023-11-29T08:28:24+00:00\",\"description\":\"Blog; AQM4WD Auto Accessories Off Road 4X4 SUV Pick Up Ekipman ve Aksesuarlar\u0131 \u00fcretim ve sat\u0131\u015f sunan Aqm4wd Kocaeli Fabrikas\u0131.\",\"breadcrumb\":{\"@id\":\"https:\/\/aqm4wd.com\/blog\/#breadcrumb\"},\"inLanguage\":\"en-US\",\"potentialAction\":[{\"@type\":\"ReadAction\",\"target\":[\"https:\/\/aqm4wd.com\/blog\/\"]}]},{\"@type\":\"BreadcrumbList\",\"@id\":\"https:\/\/aqm4wd.com\/blog\/#breadcrumb\",\"itemListElement\":[{\"@type\":\"ListItem\",\"position\":1,\"name\":\"Anasayfa\",\"item\":\"https:\/\/aqm4wd.com\/\"},{\"@type\":\"ListItem\",\"position\":2,\"name\":\"Blog\"}]},{\"@type\":\"WebSite\",\"@id\":\"https:\/\/aqm4wd.com\/#website\",\"url\":\"https:\/\/aqm4wd.com\/\",\"name\":\"AQM4WD AUTO ACCESSORIES\",\"description\":\"\",\"publisher\":{\"@id\":\"https:\/\/aqm4wd.com\/#organization\"},\"potentialAction\":[{\"@type\":\"SearchAction\",\"target\":{\"@type\":\"EntryPoint\",\"urlTemplate\":\"https:\/\/aqm4wd.com\/?s={search_term_string}\"},\"query-input\":\"required name=search_term_string\"}],\"inLanguage\":\"en-US\"},{\"@type\":\"Organization\",\"@id\":\"https:\/\/aqm4wd.com\/#organization\",\"name\":\"AQM4WD AUTO ACCESSORIES\",\"url\":\"https:\/\/aqm4wd.com\/\",\"logo\":{\"@type\":\"ImageObject\",\"inLanguage\":\"en-US\",\"@id\":\"https:\/\/aqm4wd.com\/#\/schema\/logo\/image\/\",\"url\":\"https:\/\/aqm4wd.com\/wp-content\/uploads\/2022\/08\/aqm4wd-kurumsal-logo-01.png\",\"contentUrl\":\"https:\/\/aqm4wd.com\/wp-content\/uploads\/2022\/08\/aqm4wd-kurumsal-logo-01.png\",\"width\":1013,\"height\":221,\"caption\":\"AQM4WD AUTO ACCESSORIES\"},\"image\":{\"@id\":\"https:\/\/aqm4wd.com\/#\/schema\/logo\/image\/\"},\"sameAs\":[\"https:\/\/www.linkedin.com\/company\/71521920\/admin\/feed\/posts\/\",\"https:\/\/www.youtube.com\/channel\/UCdGwcne6TIzYS20jy4Lk0Rw\",\"https:\/\/www.instagram.com\/aqm4wd\/\"]}]}<\/script>\n<!-- \/ Yoast SEO plugin. -->","yoast_head_json":{"title":"Blog - AQM4WD AUTO ACCESSORIES","description":"Blog; AQM4WD Auto Accessories Off Road 4X4 SUV Pick Up Ekipman ve Aksesuarlar\u0131 \u00fcretim ve sat\u0131\u015f sunan Aqm4wd Kocaeli Fabrikas\u0131.","robots":{"index":"index","follow":"follow","max-snippet":"max-snippet:-1","max-image-preview":"max-image-preview:large","max-video-preview":"max-video-preview:-1"},"canonical":"https:\/\/aqm4wd.com\/en\/blog\/","og_locale":"en_US","og_type":"article","og_title":"Blog - AQM4WD AUTO ACCESSORIES","og_description":"Blog; AQM4WD Auto Accessories Off Road 4X4 SUV Pick Up Ekipman ve Aksesuarlar\u0131 \u00fcretim ve sat\u0131\u015f sunan Aqm4wd Kocaeli Fabrikas\u0131.","og_url":"https:\/\/aqm4wd.com\/en\/blog\/","og_site_name":"AQM4WD AUTO ACCESSORIES","article_modified_time":"2023-11-29T08:28:24+00:00","og_image":[{"width":927,"height":480,"url":"https:\/\/aqm4wd.com\/wp-content\/uploads\/2023\/11\/Mobil-slide-927x480px-1.webp","type":"image\/webp"}],"twitter_card":"summary_large_image","twitter_misc":{"Est. reading time":"1 minute"},"schema":{"@context":"https:\/\/schema.org","@graph":[{"@type":"WebPage","@id":"https:\/\/aqm4wd.com\/blog\/","url":"https:\/\/aqm4wd.com\/blog\/","name":"Blog - AQM4WD AUTO ACCESSORIES","isPartOf":{"@id":"https:\/\/aqm4wd.com\/#website"},"datePublished":"2023-10-08T18:37:15+00:00","dateModified":"2023-11-29T08:28:24+00:00","description":"Blog; AQM4WD Auto Accessories Off Road 4X4 SUV Pick Up Ekipman ve Aksesuarlar\u0131 \u00fcretim ve sat\u0131\u015f sunan Aqm4wd Kocaeli Fabrikas\u0131.","breadcrumb":{"@id":"https:\/\/aqm4wd.com\/blog\/#breadcrumb"},"inLanguage":"en-US","potentialAction":[{"@type":"ReadAction","target":["https:\/\/aqm4wd.com\/blog\/"]}]},{"@type":"BreadcrumbList","@id":"https:\/\/aqm4wd.com\/blog\/#breadcrumb","itemListElement":[{"@type":"ListItem","position":1,"name":"Anasayfa","item":"https:\/\/aqm4wd.com\/"},{"@type":"ListItem","position":2,"name":"Blog"}]},{"@type":"WebSite","@id":"https:\/\/aqm4wd.com\/#website","url":"https:\/\/aqm4wd.com\/","name":"AQM4WD AUTO ACCESSORIES","description":"","publisher":{"@id":"https:\/\/aqm4wd.com\/#organization"},"potentialAction":[{"@type":"SearchAction","target":{"@type":"EntryPoint","urlTemplate":"https:\/\/aqm4wd.com\/?s={search_term_string}"},"query-input":"required name=search_term_string"}],"inLanguage":"en-US"},{"@type":"Organization","@id":"https:\/\/aqm4wd.com\/#organization","name":"AQM4WD AUTO ACCESSORIES","url":"https:\/\/aqm4wd.com\/","logo":{"@type":"ImageObject","inLanguage":"en-US","@id":"https:\/\/aqm4wd.com\/#\/schema\/logo\/image\/","url":"https:\/\/aqm4wd.com\/wp-content\/uploads\/2022\/08\/aqm4wd-kurumsal-logo-01.png","contentUrl":"https:\/\/aqm4wd.com\/wp-content\/uploads\/2022\/08\/aqm4wd-kurumsal-logo-01.png","width":1013,"height":221,"caption":"AQM4WD AUTO ACCESSORIES"},"image":{"@id":"https:\/\/aqm4wd.com\/#\/schema\/logo\/image\/"},"sameAs":["https:\/\/www.linkedin.com\/company\/71521920\/admin\/feed\/posts\/","https:\/\/www.youtube.com\/channel\/UCdGwcne6TIzYS20jy4Lk0Rw","https:\/\/www.instagram.com\/aqm4wd\/"]}]}},"_links":{"self":[{"href":"https:\/\/aqm4wd.com\/en\/wp-json\/wp\/v2\/pages\/7463"}],"collection":[{"href":"https:\/\/aqm4wd.com\/en\/wp-json\/wp\/v2\/pages"}],"about":[{"href":"https:\/\/aqm4wd.com\/en\/wp-json\/wp\/v2\/types\/page"}],"author":[{"embeddable":true,"href":"https:\/\/aqm4wd.com\/en\/wp-json\/wp\/v2\/users\/1"}],"replies":[{"embeddable":true,"href":"https:\/\/aqm4wd.com\/en\/wp-json\/wp\/v2\/comments?post=7463"}],"version-history":[{"count":20,"href":"https:\/\/aqm4wd.com\/en\/wp-json\/wp\/v2\/pages\/7463\/revisions"}],"predecessor-version":[{"id":7531,"href":"https:\/\/aqm4wd.com\/en\/wp-json\/wp\/v2\/pages\/7463\/revisions\/7531"}],"wp:featuredmedia":[{"embeddable":true,"href":"https:\/\/aqm4wd.com\/en\/wp-json\/wp\/v2\/media\/7904"}],"wp:attachment":[{"href":"https:\/\/aqm4wd.com\/en\/wp-json\/wp\/v2\/media?parent=7463"}],"curies":[{"name":"wp","href":"https:\/\/api.w.org\/{rel}","templated":true}]}}