{"id":6864,"date":"2022-09-11T11:47:53","date_gmt":"2022-09-11T08:47:53","guid":{"rendered":"https:\/\/aqm4wd.com\/?post_type=product&#038;p=6864"},"modified":"2024-10-31T15:53:27","modified_gmt":"2024-10-31T12:53:27","slug":"aqm-t20-rear-bumper-arka-tampon","status":"publish","type":"product","link":"https:\/\/aqm4wd.com\/en\/product\/aqm-t20-rear-bumper-arka-tampon\/","title":{"rendered":"AQM-T20 Rear Bumper"},"content":{"rendered":"<p><img loading=\"lazy\" decoding=\"async\" class=\"alignnone size-medium wp-image-8262\" src=\"http:\/\/aqm4wd.com\/wp-content\/uploads\/2022\/09\/AQM-T20-Rear-Bumper-300x300.jpg\" alt=\"\" width=\"300\" height=\"300\" srcset=\"https:\/\/aqm4wd.com\/wp-content\/uploads\/2022\/09\/AQM-T20-Rear-Bumper-300x300.jpg 300w, https:\/\/aqm4wd.com\/wp-content\/uploads\/2022\/09\/AQM-T20-Rear-Bumper-1024x1024.jpg 1024w, https:\/\/aqm4wd.com\/wp-content\/uploads\/2022\/09\/AQM-T20-Rear-Bumper-150x150.jpg 150w, https:\/\/aqm4wd.com\/wp-content\/uploads\/2022\/09\/AQM-T20-Rear-Bumper-768x768.jpg 768w, https:\/\/aqm4wd.com\/wp-content\/uploads\/2022\/09\/AQM-T20-Rear-Bumper-1536x1536.jpg 1536w, https:\/\/aqm4wd.com\/wp-content\/uploads\/2022\/09\/AQM-T20-Rear-Bumper-12x12.jpg 12w, https:\/\/aqm4wd.com\/wp-content\/uploads\/2022\/09\/AQM-T20-Rear-Bumper-600x600.jpg 600w, https:\/\/aqm4wd.com\/wp-content\/uploads\/2022\/09\/AQM-T20-Rear-Bumper-100x100.jpg 100w, https:\/\/aqm4wd.com\/wp-content\/uploads\/2022\/09\/AQM-T20-Rear-Bumper.jpg 2000w\" sizes=\"(max-width: 300px) 100vw, 300px\" \/><\/p>\n<p>&nbsp;<\/p>\n<p>&nbsp;<\/p>\n<p>&nbsp;<\/p>\n<p>&nbsp;<\/p>\n<p>&nbsp;<\/p>\n<p>&nbsp;<\/p>\n<p>&nbsp;<\/p>\n<p>&nbsp;<\/p>\n<p>&nbsp;<\/p>\n<p>&nbsp;<\/p>\n<p>&nbsp;<\/p>\n<p>&nbsp;<\/p>\n<p>&nbsp;<\/p>\n<p>&nbsp;<\/p>\n<p>&nbsp;<\/p>\n<p><span data-sheets-value=\"{&quot;1&quot;:2,&quot;2&quot;:&quot;REAR BUMPERSnnHepsi bir arada: Stil ve Sa\u011flaml\u0131k!nnDo\u011fay\u0131 ke\u015ffetmek, macera dolu rotalarda ilerlemek heyecan verici, ancak arac\u0131n\u0131z\u0131n g\u00fcvenli\u011fi her zaman \u00f6nceliklidir. \u0130\u015fte burada arka tampon koruma \u00fcr\u00fcnleri devreye giriyor. Bu \u00fcr\u00fcnler, arac\u0131n\u0131z\u0131 korumakla kalm\u0131yor, ayn\u0131 zamanda tarz\u0131n\u0131za da katk\u0131 sa\u011fl\u0131yor. Arka tampon koruma \u00fcr\u00fcnleri, off-road deneyiminizi g\u00fcvence alt\u0131na al\u0131yor. \u00c7arp\u0131\u015fmalara ve \u00e7izilmelere kar\u015f\u0131 arac\u0131n\u0131z\u0131n arka k\u0131sm\u0131n\u0131 korumak \u00fczere tasarlanm\u0131\u015ft\u0131r. Sa\u011flam malzemelerden \u00fcretilen bu \u00fcr\u00fcnler, arac\u0131n\u0131z\u0131n g\u00fcvenli\u011fini en \u00fcst d\u00fczeye \u00e7\u0131kar\u0131r.nnBu \u00fcr\u00fcn karbon \u00e7elikten \u00fcretilmi\u015ftir. Deneyimli personellerimiz ve y\u00fcksek teknolojiye sahip tesisimiz ile her s\u00fcre\u00e7 dikkatlice takip edilip, kontrol edilmektedir. nnKolay Kurulum ve UyumnnArka tampon koruma \u00fcr\u00fcnlerimiz, arac\u0131n\u0131za uyumlu olarak tasarlanm\u0131\u015ft\u0131r ve kurulumu olduk\u00e7a kolayd\u0131r. Uzman bir ekip olmadan da montaj i\u015flemini ger\u00e7ekle\u015ftirebilirsiniz. B\u00f6ylece, arac\u0131n\u0131z\u0131 h\u0131zla off-road maceras\u0131na haz\u0131r hale getirebilirsiniz.nn\u00dcr\u00fcn Detaylar\u0131:nKutu \u00d6l\u00e7\u00fcs\u00fc: \u2026..nKilogram: \u2026\u2026&quot;}\" data-sheets-userformat=\"{&quot;2&quot;:897,&quot;3&quot;:{&quot;1&quot;:0},&quot;10&quot;:0,&quot;11&quot;:4,&quot;12&quot;:0}\" data-sheets-textstyleruns=\"{&quot;1&quot;:0,&quot;2&quot;:{&quot;5&quot;:1}}\uee10{&quot;1&quot;:12}\">REAR BUMPERS<\/span><\/p>\n<p><strong>All in One: Style and Durability!<\/strong><\/p>\n<p>Exploring nature, embarking on adventurous trails is exhilarating, yet ensuring your vehicle's safety always remains a priority. This is where rear bumper protections come into play. These products not only safeguard your vehicle but also contribute to your style. Rear bumper protections secure your off-road experience. They are designed to protect the rear of your vehicle from collisions and scratches. Crafted from sturdy materials, these products elevate your vehicle's safety to the highest level.<\/p>\n<p>This product is made from carbon steel. Our experienced staff and technologically advanced facility meticulously oversee and control every process.<\/p>\n<p><strong>Easy Installation and Compatibility<\/strong><\/p>\n<p>Our rear bumper protection products are designed to be compatible with your vehicle and offer straightforward installation. You can perform the installation process without the need for a professional team. This way, you can swiftly prepare your vehicle for the off-road adventure.<\/p>\n<p>&nbsp;<\/p>","protected":false},"excerpt":{"rendered":"<p>AQM-T20 Rear Bumper<\/p>","protected":false},"featured_media":6865,"template":"","meta":[],"product_cat":[60],"product_tag":[],"yoast_head":"<!-- This site is optimized with the Yoast SEO plugin v21.6 - https:\/\/yoast.com\/wordpress\/plugins\/seo\/ -->\n<title>AQM-T20 Rear Bumper - AQM4WD AUTO ACCESSORIES<\/title>\n<meta name=\"robots\" content=\"index, follow, max-snippet:-1, max-image-preview:large, max-video-preview:-1\" \/>\n<link rel=\"canonical\" href=\"https:\/\/aqm4wd.com\/en\/product\/aqm-t20-rear-bumper-arka-tampon\/\" \/>\n<meta property=\"og:locale\" content=\"en_US\" \/>\n<meta property=\"og:type\" content=\"article\" \/>\n<meta property=\"og:title\" content=\"AQM-T20 Rear Bumper - AQM4WD AUTO ACCESSORIES\" \/>\n<meta property=\"og:description\" content=\"AQM-T20 Rear Bumper\" \/>\n<meta property=\"og:url\" content=\"https:\/\/aqm4wd.com\/en\/product\/aqm-t20-rear-bumper-arka-tampon\/\" \/>\n<meta property=\"og:site_name\" content=\"AQM4WD AUTO ACCESSORIES\" \/>\n<meta property=\"article:modified_time\" content=\"2024-10-31T12:53:27+00:00\" \/>\n<meta property=\"og:image\" content=\"https:\/\/aqm4wd.com\/wp-content\/uploads\/2023\/09\/AQM-T20-rearbumper-1-scaled.jpg\" \/>\n\t<meta property=\"og:image:width\" content=\"2560\" \/>\n\t<meta property=\"og:image:height\" content=\"2560\" \/>\n\t<meta property=\"og:image:type\" content=\"image\/jpeg\" \/>\n<meta name=\"twitter:card\" content=\"summary_large_image\" \/>\n<meta name=\"twitter:label1\" content=\"Est. reading time\" \/>\n\t<meta name=\"twitter:data1\" content=\"1 minute\" \/>\n<script type=\"application\/ld+json\" class=\"yoast-schema-graph\">{\"@context\":\"https:\/\/schema.org\",\"@graph\":[{\"@type\":\"WebPage\",\"@id\":\"https:\/\/aqm4wd.com\/urun\/aqm-t20-rear-bumper-arka-tampon\/\",\"url\":\"https:\/\/aqm4wd.com\/urun\/aqm-t20-rear-bumper-arka-tampon\/\",\"name\":\"AQM-T20 Rear Bumper - AQM4WD AUTO ACCESSORIES\",\"isPartOf\":{\"@id\":\"https:\/\/aqm4wd.com\/#website\"},\"datePublished\":\"2022-09-11T08:47:53+00:00\",\"dateModified\":\"2024-10-31T12:53:27+00:00\",\"breadcrumb\":{\"@id\":\"https:\/\/aqm4wd.com\/urun\/aqm-t20-rear-bumper-arka-tampon\/#breadcrumb\"},\"inLanguage\":\"en-US\",\"potentialAction\":[{\"@type\":\"ReadAction\",\"target\":[\"https:\/\/aqm4wd.com\/urun\/aqm-t20-rear-bumper-arka-tampon\/\"]}]},{\"@type\":\"BreadcrumbList\",\"@id\":\"https:\/\/aqm4wd.com\/urun\/aqm-t20-rear-bumper-arka-tampon\/#breadcrumb\",\"itemListElement\":[{\"@type\":\"ListItem\",\"position\":1,\"name\":\"Anasayfa\",\"item\":\"https:\/\/aqm4wd.com\/\"},{\"@type\":\"ListItem\",\"position\":2,\"name\":\"Shop\",\"item\":\"https:\/\/aqm4wd.com\/shop\/\"},{\"@type\":\"ListItem\",\"position\":3,\"name\":\"AQM-T20 Rear Bumper\"}]},{\"@type\":\"WebSite\",\"@id\":\"https:\/\/aqm4wd.com\/#website\",\"url\":\"https:\/\/aqm4wd.com\/\",\"name\":\"AQM4WD AUTO ACCESSORIES\",\"description\":\"\",\"publisher\":{\"@id\":\"https:\/\/aqm4wd.com\/#organization\"},\"potentialAction\":[{\"@type\":\"SearchAction\",\"target\":{\"@type\":\"EntryPoint\",\"urlTemplate\":\"https:\/\/aqm4wd.com\/?s={search_term_string}\"},\"query-input\":\"required name=search_term_string\"}],\"inLanguage\":\"en-US\"},{\"@type\":\"Organization\",\"@id\":\"https:\/\/aqm4wd.com\/#organization\",\"name\":\"AQM4WD AUTO ACCESSORIES\",\"url\":\"https:\/\/aqm4wd.com\/\",\"logo\":{\"@type\":\"ImageObject\",\"inLanguage\":\"en-US\",\"@id\":\"https:\/\/aqm4wd.com\/#\/schema\/logo\/image\/\",\"url\":\"https:\/\/aqm4wd.com\/wp-content\/uploads\/2022\/08\/aqm4wd-kurumsal-logo-01.png\",\"contentUrl\":\"https:\/\/aqm4wd.com\/wp-content\/uploads\/2022\/08\/aqm4wd-kurumsal-logo-01.png\",\"width\":1013,\"height\":221,\"caption\":\"AQM4WD AUTO ACCESSORIES\"},\"image\":{\"@id\":\"https:\/\/aqm4wd.com\/#\/schema\/logo\/image\/\"},\"sameAs\":[\"https:\/\/www.linkedin.com\/company\/71521920\/admin\/feed\/posts\/\",\"https:\/\/www.youtube.com\/channel\/UCdGwcne6TIzYS20jy4Lk0Rw\",\"https:\/\/www.instagram.com\/aqm4wd\/\"]}]}<\/script>\n<!-- \/ Yoast SEO plugin. -->","yoast_head_json":{"title":"AQM-T20 Rear Bumper - AQM4WD AUTO ACCESSORIES","robots":{"index":"index","follow":"follow","max-snippet":"max-snippet:-1","max-image-preview":"max-image-preview:large","max-video-preview":"max-video-preview:-1"},"canonical":"https:\/\/aqm4wd.com\/en\/product\/aqm-t20-rear-bumper-arka-tampon\/","og_locale":"en_US","og_type":"article","og_title":"AQM-T20 Rear Bumper - AQM4WD AUTO ACCESSORIES","og_description":"AQM-T20 Rear Bumper","og_url":"https:\/\/aqm4wd.com\/en\/product\/aqm-t20-rear-bumper-arka-tampon\/","og_site_name":"AQM4WD AUTO ACCESSORIES","article_modified_time":"2024-10-31T12:53:27+00:00","og_image":[{"width":2560,"height":2560,"url":"https:\/\/aqm4wd.com\/wp-content\/uploads\/2023\/09\/AQM-T20-rearbumper-1-scaled.jpg","type":"image\/jpeg"}],"twitter_card":"summary_large_image","twitter_misc":{"Est. reading time":"1 minute"},"schema":{"@context":"https:\/\/schema.org","@graph":[{"@type":"WebPage","@id":"https:\/\/aqm4wd.com\/urun\/aqm-t20-rear-bumper-arka-tampon\/","url":"https:\/\/aqm4wd.com\/urun\/aqm-t20-rear-bumper-arka-tampon\/","name":"AQM-T20 Rear Bumper - AQM4WD AUTO ACCESSORIES","isPartOf":{"@id":"https:\/\/aqm4wd.com\/#website"},"datePublished":"2022-09-11T08:47:53+00:00","dateModified":"2024-10-31T12:53:27+00:00","breadcrumb":{"@id":"https:\/\/aqm4wd.com\/urun\/aqm-t20-rear-bumper-arka-tampon\/#breadcrumb"},"inLanguage":"en-US","potentialAction":[{"@type":"ReadAction","target":["https:\/\/aqm4wd.com\/urun\/aqm-t20-rear-bumper-arka-tampon\/"]}]},{"@type":"BreadcrumbList","@id":"https:\/\/aqm4wd.com\/urun\/aqm-t20-rear-bumper-arka-tampon\/#breadcrumb","itemListElement":[{"@type":"ListItem","position":1,"name":"Anasayfa","item":"https:\/\/aqm4wd.com\/"},{"@type":"ListItem","position":2,"name":"Shop","item":"https:\/\/aqm4wd.com\/shop\/"},{"@type":"ListItem","position":3,"name":"AQM-T20 Rear Bumper"}]},{"@type":"WebSite","@id":"https:\/\/aqm4wd.com\/#website","url":"https:\/\/aqm4wd.com\/","name":"AQM4WD AUTO ACCESSORIES","description":"","publisher":{"@id":"https:\/\/aqm4wd.com\/#organization"},"potentialAction":[{"@type":"SearchAction","target":{"@type":"EntryPoint","urlTemplate":"https:\/\/aqm4wd.com\/?s={search_term_string}"},"query-input":"required name=search_term_string"}],"inLanguage":"en-US"},{"@type":"Organization","@id":"https:\/\/aqm4wd.com\/#organization","name":"AQM4WD AUTO ACCESSORIES","url":"https:\/\/aqm4wd.com\/","logo":{"@type":"ImageObject","inLanguage":"en-US","@id":"https:\/\/aqm4wd.com\/#\/schema\/logo\/image\/","url":"https:\/\/aqm4wd.com\/wp-content\/uploads\/2022\/08\/aqm4wd-kurumsal-logo-01.png","contentUrl":"https:\/\/aqm4wd.com\/wp-content\/uploads\/2022\/08\/aqm4wd-kurumsal-logo-01.png","width":1013,"height":221,"caption":"AQM4WD AUTO ACCESSORIES"},"image":{"@id":"https:\/\/aqm4wd.com\/#\/schema\/logo\/image\/"},"sameAs":["https:\/\/www.linkedin.com\/company\/71521920\/admin\/feed\/posts\/","https:\/\/www.youtube.com\/channel\/UCdGwcne6TIzYS20jy4Lk0Rw","https:\/\/www.instagram.com\/aqm4wd\/"]}]}},"_links":{"self":[{"href":"https:\/\/aqm4wd.com\/en\/wp-json\/wp\/v2\/product\/6864"}],"collection":[{"href":"https:\/\/aqm4wd.com\/en\/wp-json\/wp\/v2\/product"}],"about":[{"href":"https:\/\/aqm4wd.com\/en\/wp-json\/wp\/v2\/types\/product"}],"version-history":[{"count":3,"href":"https:\/\/aqm4wd.com\/en\/wp-json\/wp\/v2\/product\/6864\/revisions"}],"predecessor-version":[{"id":8271,"href":"https:\/\/aqm4wd.com\/en\/wp-json\/wp\/v2\/product\/6864\/revisions\/8271"}],"wp:featuredmedia":[{"embeddable":true,"href":"https:\/\/aqm4wd.com\/en\/wp-json\/wp\/v2\/media\/6865"}],"wp:attachment":[{"href":"https:\/\/aqm4wd.com\/en\/wp-json\/wp\/v2\/media?parent=6864"}],"wp:term":[{"taxonomy":"product_cat","embeddable":true,"href":"https:\/\/aqm4wd.com\/en\/wp-json\/wp\/v2\/product_cat?post=6864"},{"taxonomy":"product_tag","embeddable":true,"href":"https:\/\/aqm4wd.com\/en\/wp-json\/wp\/v2\/product_tag?post=6864"}],"curies":[{"name":"wp","href":"https:\/\/api.w.org\/{rel}","templated":true}]}}