{"id":7117,"date":"2022-09-14T18:30:29","date_gmt":"2022-09-14T15:30:29","guid":{"rendered":"https:\/\/aqm4wd.com\/?post_type=product&#038;p=7117"},"modified":"2024-11-04T10:14:10","modified_gmt":"2024-11-04T07:14:10","slug":"aqm-s01-light-set","status":"publish","type":"product","link":"https:\/\/aqm4wd.com\/en\/product\/aqm-s01-light-set\/","title":{"rendered":"AQM-S01  Light Set"},"content":{"rendered":"<p><img loading=\"lazy\" decoding=\"async\" class=\"alignnone size-medium wp-image-8365\" src=\"http:\/\/aqm4wd.com\/wp-content\/uploads\/2022\/09\/S01-Vehicle-Accessories-300x300.jpg\" alt=\"\" width=\"300\" height=\"300\" srcset=\"https:\/\/aqm4wd.com\/wp-content\/uploads\/2022\/09\/S01-Vehicle-Accessories-300x300.jpg 300w, https:\/\/aqm4wd.com\/wp-content\/uploads\/2022\/09\/S01-Vehicle-Accessories-1024x1024.jpg 1024w, https:\/\/aqm4wd.com\/wp-content\/uploads\/2022\/09\/S01-Vehicle-Accessories-150x150.jpg 150w, https:\/\/aqm4wd.com\/wp-content\/uploads\/2022\/09\/S01-Vehicle-Accessories-768x768.jpg 768w, https:\/\/aqm4wd.com\/wp-content\/uploads\/2022\/09\/S01-Vehicle-Accessories-1536x1536.jpg 1536w, https:\/\/aqm4wd.com\/wp-content\/uploads\/2022\/09\/S01-Vehicle-Accessories-12x12.jpg 12w, https:\/\/aqm4wd.com\/wp-content\/uploads\/2022\/09\/S01-Vehicle-Accessories-600x600.jpg 600w, https:\/\/aqm4wd.com\/wp-content\/uploads\/2022\/09\/S01-Vehicle-Accessories-100x100.jpg 100w, https:\/\/aqm4wd.com\/wp-content\/uploads\/2022\/09\/S01-Vehicle-Accessories.jpg 2000w\" sizes=\"(max-width: 300px) 100vw, 300px\" \/><\/p>\n<p>&nbsp;<\/p>\n<p>&nbsp;<\/p>\n<p>&nbsp;<\/p>\n<p>&nbsp;<\/p>\n<p>&nbsp;<\/p>\n<p>&nbsp;<\/p>\n<p>&nbsp;<\/p>\n<p>&nbsp;<\/p>\n<p>&nbsp;<\/p>\n<p>&nbsp;<\/p>\n<p>&nbsp;<\/p>\n<p>&nbsp;<\/p>\n<p>&nbsp;<\/p>\n<p>&nbsp;<\/p>\n<p><strong>All in One: Style and Durability!<\/strong><\/p>\n<p>&nbsp;<\/p>\n<p>The light set provides an elegant lighting solution for your off-road vehicle. With this special light set, you can feel safe during night drives and in challenging conditions. Its stylish and durable design adds a touch of sophistication to your vehicle while providing the lighting you need.<\/p>\n<p>&nbsp;<\/p>\n<p>Every step is carefully monitored and controlled by our experienced personnel and our high-tech facility.<\/p>\n<p>&nbsp;<\/p>\n<p><strong> Easy Installation and Compatibility<\/strong><\/p>\n<p>&nbsp;<\/p>\n<p>Our light set product is designed to be universal and is easy to install. You can perform the installation process without the need for an expert team. This way, you can quickly prepare your vehicle for an off-road adventure.<\/p>\n<p>&nbsp;<\/p>","protected":false},"excerpt":{"rendered":"<p>AQM-S01 Light Set<\/p>\n<p>&nbsp;<\/p>","protected":false},"featured_media":7119,"template":"","meta":[],"product_cat":[16],"product_tag":[],"yoast_head":"<!-- This site is optimized with the Yoast SEO plugin v21.6 - https:\/\/yoast.com\/wordpress\/plugins\/seo\/ -->\n<title>AQM-S01 Light Set - AQM4WD AUTO ACCESSORIES<\/title>\n<meta name=\"description\" content=\"AQM-S01 Light Set off-road ara\u00e7larda zarif bir ayd\u0131nlatma sunar. AQM4WD Auto Accessories 4X4 Off Road SUV Pick UP \u00fcr\u00fcnleri tasarlar ve \u00fcretir.\" \/>\n<meta name=\"robots\" content=\"index, follow, max-snippet:-1, max-image-preview:large, max-video-preview:-1\" \/>\n<link rel=\"canonical\" href=\"https:\/\/aqm4wd.com\/en\/product\/aqm-s01-light-set\/\" \/>\n<meta property=\"og:locale\" content=\"en_US\" \/>\n<meta property=\"og:type\" content=\"article\" \/>\n<meta property=\"og:title\" content=\"AQM-S01 Light Set - AQM4WD AUTO ACCESSORIES\" \/>\n<meta property=\"og:description\" content=\"AQM-S01 Light Set off-road ara\u00e7larda zarif bir ayd\u0131nlatma sunar. AQM4WD Auto Accessories 4X4 Off Road SUV Pick UP \u00fcr\u00fcnleri tasarlar ve \u00fcretir.\" \/>\n<meta property=\"og:url\" content=\"https:\/\/aqm4wd.com\/en\/product\/aqm-s01-light-set\/\" \/>\n<meta property=\"og:site_name\" content=\"AQM4WD AUTO ACCESSORIES\" \/>\n<meta property=\"article:modified_time\" content=\"2024-11-04T07:14:10+00:00\" \/>\n<meta property=\"og:image\" content=\"https:\/\/aqm4wd.com\/wp-content\/uploads\/2023\/09\/aqm4wd-AQM-S01-Light-Set-scaled.jpg\" \/>\n\t<meta property=\"og:image:width\" content=\"2560\" \/>\n\t<meta property=\"og:image:height\" content=\"2560\" \/>\n\t<meta property=\"og:image:type\" content=\"image\/jpeg\" \/>\n<meta name=\"twitter:card\" content=\"summary_large_image\" \/>\n<meta name=\"twitter:label1\" content=\"Est. reading time\" \/>\n\t<meta name=\"twitter:data1\" content=\"1 minute\" \/>\n<script type=\"application\/ld+json\" class=\"yoast-schema-graph\">{\"@context\":\"https:\/\/schema.org\",\"@graph\":[{\"@type\":\"WebPage\",\"@id\":\"https:\/\/aqm4wd.com\/urun\/aqm-s01-light-set\/\",\"url\":\"https:\/\/aqm4wd.com\/urun\/aqm-s01-light-set\/\",\"name\":\"AQM-S01 Light Set - AQM4WD AUTO ACCESSORIES\",\"isPartOf\":{\"@id\":\"https:\/\/aqm4wd.com\/#website\"},\"datePublished\":\"2022-09-14T15:30:29+00:00\",\"dateModified\":\"2024-11-04T07:14:10+00:00\",\"description\":\"AQM-S01 Light Set off-road ara\u00e7larda zarif bir ayd\u0131nlatma sunar. AQM4WD Auto Accessories 4X4 Off Road SUV Pick UP \u00fcr\u00fcnleri tasarlar ve \u00fcretir.\",\"breadcrumb\":{\"@id\":\"https:\/\/aqm4wd.com\/urun\/aqm-s01-light-set\/#breadcrumb\"},\"inLanguage\":\"en-US\",\"potentialAction\":[{\"@type\":\"ReadAction\",\"target\":[\"https:\/\/aqm4wd.com\/urun\/aqm-s01-light-set\/\"]}]},{\"@type\":\"BreadcrumbList\",\"@id\":\"https:\/\/aqm4wd.com\/urun\/aqm-s01-light-set\/#breadcrumb\",\"itemListElement\":[{\"@type\":\"ListItem\",\"position\":1,\"name\":\"Anasayfa\",\"item\":\"https:\/\/aqm4wd.com\/\"},{\"@type\":\"ListItem\",\"position\":2,\"name\":\"Shop\",\"item\":\"https:\/\/aqm4wd.com\/shop\/\"},{\"@type\":\"ListItem\",\"position\":3,\"name\":\"AQM-S01 Light Set\"}]},{\"@type\":\"WebSite\",\"@id\":\"https:\/\/aqm4wd.com\/#website\",\"url\":\"https:\/\/aqm4wd.com\/\",\"name\":\"AQM4WD AUTO ACCESSORIES\",\"description\":\"\",\"publisher\":{\"@id\":\"https:\/\/aqm4wd.com\/#organization\"},\"potentialAction\":[{\"@type\":\"SearchAction\",\"target\":{\"@type\":\"EntryPoint\",\"urlTemplate\":\"https:\/\/aqm4wd.com\/?s={search_term_string}\"},\"query-input\":\"required name=search_term_string\"}],\"inLanguage\":\"en-US\"},{\"@type\":\"Organization\",\"@id\":\"https:\/\/aqm4wd.com\/#organization\",\"name\":\"AQM4WD AUTO ACCESSORIES\",\"url\":\"https:\/\/aqm4wd.com\/\",\"logo\":{\"@type\":\"ImageObject\",\"inLanguage\":\"en-US\",\"@id\":\"https:\/\/aqm4wd.com\/#\/schema\/logo\/image\/\",\"url\":\"https:\/\/aqm4wd.com\/wp-content\/uploads\/2022\/08\/aqm4wd-kurumsal-logo-01.png\",\"contentUrl\":\"https:\/\/aqm4wd.com\/wp-content\/uploads\/2022\/08\/aqm4wd-kurumsal-logo-01.png\",\"width\":1013,\"height\":221,\"caption\":\"AQM4WD AUTO ACCESSORIES\"},\"image\":{\"@id\":\"https:\/\/aqm4wd.com\/#\/schema\/logo\/image\/\"},\"sameAs\":[\"https:\/\/www.linkedin.com\/company\/71521920\/admin\/feed\/posts\/\",\"https:\/\/www.youtube.com\/channel\/UCdGwcne6TIzYS20jy4Lk0Rw\",\"https:\/\/www.instagram.com\/aqm4wd\/\"]}]}<\/script>\n<!-- \/ Yoast SEO plugin. -->","yoast_head_json":{"title":"AQM-S01 Light Set - AQM4WD AUTO ACCESSORIES","description":"AQM-S01 Light Set off-road ara\u00e7larda zarif bir ayd\u0131nlatma sunar. AQM4WD Auto Accessories 4X4 Off Road SUV Pick UP \u00fcr\u00fcnleri tasarlar ve \u00fcretir.","robots":{"index":"index","follow":"follow","max-snippet":"max-snippet:-1","max-image-preview":"max-image-preview:large","max-video-preview":"max-video-preview:-1"},"canonical":"https:\/\/aqm4wd.com\/en\/product\/aqm-s01-light-set\/","og_locale":"en_US","og_type":"article","og_title":"AQM-S01 Light Set - AQM4WD AUTO ACCESSORIES","og_description":"AQM-S01 Light Set off-road ara\u00e7larda zarif bir ayd\u0131nlatma sunar. AQM4WD Auto Accessories 4X4 Off Road SUV Pick UP \u00fcr\u00fcnleri tasarlar ve \u00fcretir.","og_url":"https:\/\/aqm4wd.com\/en\/product\/aqm-s01-light-set\/","og_site_name":"AQM4WD AUTO ACCESSORIES","article_modified_time":"2024-11-04T07:14:10+00:00","og_image":[{"width":2560,"height":2560,"url":"https:\/\/aqm4wd.com\/wp-content\/uploads\/2023\/09\/aqm4wd-AQM-S01-Light-Set-scaled.jpg","type":"image\/jpeg"}],"twitter_card":"summary_large_image","twitter_misc":{"Est. reading time":"1 minute"},"schema":{"@context":"https:\/\/schema.org","@graph":[{"@type":"WebPage","@id":"https:\/\/aqm4wd.com\/urun\/aqm-s01-light-set\/","url":"https:\/\/aqm4wd.com\/urun\/aqm-s01-light-set\/","name":"AQM-S01 Light Set - AQM4WD AUTO ACCESSORIES","isPartOf":{"@id":"https:\/\/aqm4wd.com\/#website"},"datePublished":"2022-09-14T15:30:29+00:00","dateModified":"2024-11-04T07:14:10+00:00","description":"AQM-S01 Light Set off-road ara\u00e7larda zarif bir ayd\u0131nlatma sunar. AQM4WD Auto Accessories 4X4 Off Road SUV Pick UP \u00fcr\u00fcnleri tasarlar ve \u00fcretir.","breadcrumb":{"@id":"https:\/\/aqm4wd.com\/urun\/aqm-s01-light-set\/#breadcrumb"},"inLanguage":"en-US","potentialAction":[{"@type":"ReadAction","target":["https:\/\/aqm4wd.com\/urun\/aqm-s01-light-set\/"]}]},{"@type":"BreadcrumbList","@id":"https:\/\/aqm4wd.com\/urun\/aqm-s01-light-set\/#breadcrumb","itemListElement":[{"@type":"ListItem","position":1,"name":"Anasayfa","item":"https:\/\/aqm4wd.com\/"},{"@type":"ListItem","position":2,"name":"Shop","item":"https:\/\/aqm4wd.com\/shop\/"},{"@type":"ListItem","position":3,"name":"AQM-S01 Light Set"}]},{"@type":"WebSite","@id":"https:\/\/aqm4wd.com\/#website","url":"https:\/\/aqm4wd.com\/","name":"AQM4WD AUTO ACCESSORIES","description":"","publisher":{"@id":"https:\/\/aqm4wd.com\/#organization"},"potentialAction":[{"@type":"SearchAction","target":{"@type":"EntryPoint","urlTemplate":"https:\/\/aqm4wd.com\/?s={search_term_string}"},"query-input":"required name=search_term_string"}],"inLanguage":"en-US"},{"@type":"Organization","@id":"https:\/\/aqm4wd.com\/#organization","name":"AQM4WD AUTO ACCESSORIES","url":"https:\/\/aqm4wd.com\/","logo":{"@type":"ImageObject","inLanguage":"en-US","@id":"https:\/\/aqm4wd.com\/#\/schema\/logo\/image\/","url":"https:\/\/aqm4wd.com\/wp-content\/uploads\/2022\/08\/aqm4wd-kurumsal-logo-01.png","contentUrl":"https:\/\/aqm4wd.com\/wp-content\/uploads\/2022\/08\/aqm4wd-kurumsal-logo-01.png","width":1013,"height":221,"caption":"AQM4WD AUTO ACCESSORIES"},"image":{"@id":"https:\/\/aqm4wd.com\/#\/schema\/logo\/image\/"},"sameAs":["https:\/\/www.linkedin.com\/company\/71521920\/admin\/feed\/posts\/","https:\/\/www.youtube.com\/channel\/UCdGwcne6TIzYS20jy4Lk0Rw","https:\/\/www.instagram.com\/aqm4wd\/"]}]}},"_links":{"self":[{"href":"https:\/\/aqm4wd.com\/en\/wp-json\/wp\/v2\/product\/7117"}],"collection":[{"href":"https:\/\/aqm4wd.com\/en\/wp-json\/wp\/v2\/product"}],"about":[{"href":"https:\/\/aqm4wd.com\/en\/wp-json\/wp\/v2\/types\/product"}],"version-history":[{"count":5,"href":"https:\/\/aqm4wd.com\/en\/wp-json\/wp\/v2\/product\/7117\/revisions"}],"predecessor-version":[{"id":8398,"href":"https:\/\/aqm4wd.com\/en\/wp-json\/wp\/v2\/product\/7117\/revisions\/8398"}],"wp:featuredmedia":[{"embeddable":true,"href":"https:\/\/aqm4wd.com\/en\/wp-json\/wp\/v2\/media\/7119"}],"wp:attachment":[{"href":"https:\/\/aqm4wd.com\/en\/wp-json\/wp\/v2\/media?parent=7117"}],"wp:term":[{"taxonomy":"product_cat","embeddable":true,"href":"https:\/\/aqm4wd.com\/en\/wp-json\/wp\/v2\/product_cat?post=7117"},{"taxonomy":"product_tag","embeddable":true,"href":"https:\/\/aqm4wd.com\/en\/wp-json\/wp\/v2\/product_tag?post=7117"}],"curies":[{"name":"wp","href":"https:\/\/api.w.org\/{rel}","templated":true}]}}