{"id":7198,"date":"2022-09-16T15:24:15","date_gmt":"2022-09-16T12:24:15","guid":{"rendered":"https:\/\/aqm4wd.com\/?post_type=product&#038;p=7198"},"modified":"2024-10-30T14:13:14","modified_gmt":"2024-10-30T11:13:14","slug":"pst15-face-off-black","status":"publish","type":"product","link":"https:\/\/aqm4wd.com\/en\/product\/pst15-face-off-black\/","title":{"rendered":"PST15 &#8211; Face Off Black"},"content":{"rendered":"<p><img loading=\"lazy\" decoding=\"async\" class=\"alignnone wp-image-8199 size-medium\" src=\"http:\/\/aqm4wd.com\/wp-content\/uploads\/2022\/09\/pst15-Front-Guard-300x300.jpg\" alt=\"\" width=\"300\" height=\"300\" srcset=\"https:\/\/aqm4wd.com\/wp-content\/uploads\/2022\/09\/pst15-Front-Guard-300x300.jpg 300w, https:\/\/aqm4wd.com\/wp-content\/uploads\/2022\/09\/pst15-Front-Guard-1024x1024.jpg 1024w, https:\/\/aqm4wd.com\/wp-content\/uploads\/2022\/09\/pst15-Front-Guard-150x150.jpg 150w, https:\/\/aqm4wd.com\/wp-content\/uploads\/2022\/09\/pst15-Front-Guard-768x768.jpg 768w, https:\/\/aqm4wd.com\/wp-content\/uploads\/2022\/09\/pst15-Front-Guard-1536x1536.jpg 1536w, https:\/\/aqm4wd.com\/wp-content\/uploads\/2022\/09\/pst15-Front-Guard-12x12.jpg 12w, https:\/\/aqm4wd.com\/wp-content\/uploads\/2022\/09\/pst15-Front-Guard-600x600.jpg 600w, https:\/\/aqm4wd.com\/wp-content\/uploads\/2022\/09\/pst15-Front-Guard-100x100.jpg 100w, https:\/\/aqm4wd.com\/wp-content\/uploads\/2022\/09\/pst15-Front-Guard.jpg 2000w\" sizes=\"(max-width: 300px) 100vw, 300px\" \/><\/p>\n<p>&nbsp;<\/p>\n<p>&nbsp;<\/p>\n<p>&nbsp;<\/p>\n<p>&nbsp;<\/p>\n<p>&nbsp;<\/p>\n<p>&nbsp;<\/p>\n<p>&nbsp;<\/p>\n<p>&nbsp;<\/p>\n<p>&nbsp;<\/p>\n<p>&nbsp;<\/p>\n<p>&nbsp;<\/p>\n<p>&nbsp;<\/p>\n<p>&nbsp;<\/p>\n<p>&nbsp;<\/p>\n<p>&nbsp;<\/p>\n<p><strong>TEKN\u0130K \u00d6ZELL\u0130KLER<\/strong><\/p>\n<p>&nbsp;<\/p>\n<p><strong>Stil ve Sa\u011flaml\u0131k!<\/strong><\/p>\n<p>&nbsp;<\/p>\n<ul>\n<li>\u00dcr\u00fcn\u00fcm\u00fcz, 70*1,5 mm DKP borudan \u00a0\u00fcretilmi\u015ftir.<\/li>\n<li>Boru b\u00fck\u00fcm makinas\u0131 ile \u00f6zel tasar\u0131m formlar\u0131 olu\u015fturulur.<\/li>\n<li>\u00dcr\u00fcn kumlama ile y\u00fczey temizli\u011fi yap\u0131ld\u0131ktan sonra kataforez kaplama ile paslanmaya kar\u015f\u0131 korunur ve son olarak eloktrostatik toz boya uygulanarak estetik br g\u00f6r\u00fcn\u00fcm kazand\u0131r\u0131l\u0131r. Bu i\u015flemler \u00fcr\u00fcn\u00fcn dayan\u0131kl\u0131l\u0131\u011f\u0131n\u0131 artt\u0131r\u0131r ve uzun \u00f6m\u00fcrl\u00fc bir koruma sa\u011flar.<\/li>\n<li>\u00d6zel olarak tasarlanm\u0131\u015f slot delikler sayesinde kolay montaj sa\u011flar ve kullan\u0131c\u0131ya pratik bir deneyim sunar.<\/li>\n<\/ul>\n<p>&nbsp;<\/p>\n<p><strong>Easy Installation and Compatibility<\/strong><\/p>\n<p>&nbsp;<\/p>\n<p>Our front protection products are designed to be compatible with your vehicle and are remarkably easy to install. You can carry out the installation process even without a professional team. This way, you can swiftly prepare your vehicle for the off-road adventure.<\/p>\n<p>&nbsp;<\/p>","protected":false},"excerpt":{"rendered":"<p>PST15 &#8211; Face Off Black<\/p>","protected":false},"featured_media":7452,"template":"","meta":[],"product_cat":[85],"product_tag":[],"yoast_head":"<!-- This site is optimized with the Yoast SEO plugin v21.6 - https:\/\/yoast.com\/wordpress\/plugins\/seo\/ -->\n<title>PST15 - Face Off Black - AQM4WD AUTO ACCESSORIES<\/title>\n<meta name=\"robots\" content=\"index, follow, max-snippet:-1, max-image-preview:large, max-video-preview:-1\" \/>\n<link rel=\"canonical\" href=\"https:\/\/aqm4wd.com\/en\/product\/pst15-face-off-black\/\" \/>\n<meta property=\"og:locale\" content=\"en_US\" \/>\n<meta property=\"og:type\" content=\"article\" \/>\n<meta property=\"og:title\" content=\"PST15 - Face Off Black - AQM4WD AUTO ACCESSORIES\" \/>\n<meta property=\"og:description\" content=\"PST15 - Face Off Black\" \/>\n<meta property=\"og:url\" content=\"https:\/\/aqm4wd.com\/en\/product\/pst15-face-off-black\/\" \/>\n<meta property=\"og:site_name\" content=\"AQM4WD AUTO ACCESSORIES\" \/>\n<meta property=\"article:modified_time\" content=\"2024-10-30T11:13:14+00:00\" \/>\n<meta property=\"og:image\" content=\"https:\/\/aqm4wd.com\/wp-content\/uploads\/2022\/09\/aqm4wd-pst15-1-scaled.jpg\" \/>\n\t<meta property=\"og:image:width\" content=\"2560\" \/>\n\t<meta property=\"og:image:height\" content=\"2560\" \/>\n\t<meta property=\"og:image:type\" content=\"image\/jpeg\" \/>\n<meta name=\"twitter:card\" content=\"summary_large_image\" \/>\n<meta name=\"twitter:label1\" content=\"Est. reading time\" \/>\n\t<meta name=\"twitter:data1\" content=\"1 minute\" \/>\n<script type=\"application\/ld+json\" class=\"yoast-schema-graph\">{\"@context\":\"https:\/\/schema.org\",\"@graph\":[{\"@type\":\"WebPage\",\"@id\":\"https:\/\/aqm4wd.com\/urun\/pst15-face-off-black\/\",\"url\":\"https:\/\/aqm4wd.com\/urun\/pst15-face-off-black\/\",\"name\":\"PST15 - Face Off Black - AQM4WD AUTO ACCESSORIES\",\"isPartOf\":{\"@id\":\"https:\/\/aqm4wd.com\/#website\"},\"datePublished\":\"2022-09-16T12:24:15+00:00\",\"dateModified\":\"2024-10-30T11:13:14+00:00\",\"breadcrumb\":{\"@id\":\"https:\/\/aqm4wd.com\/urun\/pst15-face-off-black\/#breadcrumb\"},\"inLanguage\":\"en-US\",\"potentialAction\":[{\"@type\":\"ReadAction\",\"target\":[\"https:\/\/aqm4wd.com\/urun\/pst15-face-off-black\/\"]}]},{\"@type\":\"BreadcrumbList\",\"@id\":\"https:\/\/aqm4wd.com\/urun\/pst15-face-off-black\/#breadcrumb\",\"itemListElement\":[{\"@type\":\"ListItem\",\"position\":1,\"name\":\"Anasayfa\",\"item\":\"https:\/\/aqm4wd.com\/\"},{\"@type\":\"ListItem\",\"position\":2,\"name\":\"Shop\",\"item\":\"https:\/\/aqm4wd.com\/shop\/\"},{\"@type\":\"ListItem\",\"position\":3,\"name\":\"PST15 &#8211; Face Off Black\"}]},{\"@type\":\"WebSite\",\"@id\":\"https:\/\/aqm4wd.com\/#website\",\"url\":\"https:\/\/aqm4wd.com\/\",\"name\":\"AQM4WD AUTO ACCESSORIES\",\"description\":\"\",\"publisher\":{\"@id\":\"https:\/\/aqm4wd.com\/#organization\"},\"potentialAction\":[{\"@type\":\"SearchAction\",\"target\":{\"@type\":\"EntryPoint\",\"urlTemplate\":\"https:\/\/aqm4wd.com\/?s={search_term_string}\"},\"query-input\":\"required name=search_term_string\"}],\"inLanguage\":\"en-US\"},{\"@type\":\"Organization\",\"@id\":\"https:\/\/aqm4wd.com\/#organization\",\"name\":\"AQM4WD AUTO ACCESSORIES\",\"url\":\"https:\/\/aqm4wd.com\/\",\"logo\":{\"@type\":\"ImageObject\",\"inLanguage\":\"en-US\",\"@id\":\"https:\/\/aqm4wd.com\/#\/schema\/logo\/image\/\",\"url\":\"https:\/\/aqm4wd.com\/wp-content\/uploads\/2022\/08\/aqm4wd-kurumsal-logo-01.png\",\"contentUrl\":\"https:\/\/aqm4wd.com\/wp-content\/uploads\/2022\/08\/aqm4wd-kurumsal-logo-01.png\",\"width\":1013,\"height\":221,\"caption\":\"AQM4WD AUTO ACCESSORIES\"},\"image\":{\"@id\":\"https:\/\/aqm4wd.com\/#\/schema\/logo\/image\/\"},\"sameAs\":[\"https:\/\/www.linkedin.com\/company\/71521920\/admin\/feed\/posts\/\",\"https:\/\/www.youtube.com\/channel\/UCdGwcne6TIzYS20jy4Lk0Rw\",\"https:\/\/www.instagram.com\/aqm4wd\/\"]}]}<\/script>\n<!-- \/ Yoast SEO plugin. -->","yoast_head_json":{"title":"PST15 - Face Off Black - AQM4WD AUTO ACCESSORIES","robots":{"index":"index","follow":"follow","max-snippet":"max-snippet:-1","max-image-preview":"max-image-preview:large","max-video-preview":"max-video-preview:-1"},"canonical":"https:\/\/aqm4wd.com\/en\/product\/pst15-face-off-black\/","og_locale":"en_US","og_type":"article","og_title":"PST15 - Face Off Black - AQM4WD AUTO ACCESSORIES","og_description":"PST15 - Face Off Black","og_url":"https:\/\/aqm4wd.com\/en\/product\/pst15-face-off-black\/","og_site_name":"AQM4WD AUTO ACCESSORIES","article_modified_time":"2024-10-30T11:13:14+00:00","og_image":[{"width":2560,"height":2560,"url":"https:\/\/aqm4wd.com\/wp-content\/uploads\/2022\/09\/aqm4wd-pst15-1-scaled.jpg","type":"image\/jpeg"}],"twitter_card":"summary_large_image","twitter_misc":{"Est. reading time":"1 minute"},"schema":{"@context":"https:\/\/schema.org","@graph":[{"@type":"WebPage","@id":"https:\/\/aqm4wd.com\/urun\/pst15-face-off-black\/","url":"https:\/\/aqm4wd.com\/urun\/pst15-face-off-black\/","name":"PST15 - Face Off Black - AQM4WD AUTO ACCESSORIES","isPartOf":{"@id":"https:\/\/aqm4wd.com\/#website"},"datePublished":"2022-09-16T12:24:15+00:00","dateModified":"2024-10-30T11:13:14+00:00","breadcrumb":{"@id":"https:\/\/aqm4wd.com\/urun\/pst15-face-off-black\/#breadcrumb"},"inLanguage":"en-US","potentialAction":[{"@type":"ReadAction","target":["https:\/\/aqm4wd.com\/urun\/pst15-face-off-black\/"]}]},{"@type":"BreadcrumbList","@id":"https:\/\/aqm4wd.com\/urun\/pst15-face-off-black\/#breadcrumb","itemListElement":[{"@type":"ListItem","position":1,"name":"Anasayfa","item":"https:\/\/aqm4wd.com\/"},{"@type":"ListItem","position":2,"name":"Shop","item":"https:\/\/aqm4wd.com\/shop\/"},{"@type":"ListItem","position":3,"name":"PST15 &#8211; Face Off Black"}]},{"@type":"WebSite","@id":"https:\/\/aqm4wd.com\/#website","url":"https:\/\/aqm4wd.com\/","name":"AQM4WD AUTO ACCESSORIES","description":"","publisher":{"@id":"https:\/\/aqm4wd.com\/#organization"},"potentialAction":[{"@type":"SearchAction","target":{"@type":"EntryPoint","urlTemplate":"https:\/\/aqm4wd.com\/?s={search_term_string}"},"query-input":"required name=search_term_string"}],"inLanguage":"en-US"},{"@type":"Organization","@id":"https:\/\/aqm4wd.com\/#organization","name":"AQM4WD AUTO ACCESSORIES","url":"https:\/\/aqm4wd.com\/","logo":{"@type":"ImageObject","inLanguage":"en-US","@id":"https:\/\/aqm4wd.com\/#\/schema\/logo\/image\/","url":"https:\/\/aqm4wd.com\/wp-content\/uploads\/2022\/08\/aqm4wd-kurumsal-logo-01.png","contentUrl":"https:\/\/aqm4wd.com\/wp-content\/uploads\/2022\/08\/aqm4wd-kurumsal-logo-01.png","width":1013,"height":221,"caption":"AQM4WD AUTO ACCESSORIES"},"image":{"@id":"https:\/\/aqm4wd.com\/#\/schema\/logo\/image\/"},"sameAs":["https:\/\/www.linkedin.com\/company\/71521920\/admin\/feed\/posts\/","https:\/\/www.youtube.com\/channel\/UCdGwcne6TIzYS20jy4Lk0Rw","https:\/\/www.instagram.com\/aqm4wd\/"]}]}},"_links":{"self":[{"href":"https:\/\/aqm4wd.com\/en\/wp-json\/wp\/v2\/product\/7198"}],"collection":[{"href":"https:\/\/aqm4wd.com\/en\/wp-json\/wp\/v2\/product"}],"about":[{"href":"https:\/\/aqm4wd.com\/en\/wp-json\/wp\/v2\/types\/product"}],"version-history":[{"count":7,"href":"https:\/\/aqm4wd.com\/en\/wp-json\/wp\/v2\/product\/7198\/revisions"}],"predecessor-version":[{"id":8200,"href":"https:\/\/aqm4wd.com\/en\/wp-json\/wp\/v2\/product\/7198\/revisions\/8200"}],"wp:featuredmedia":[{"embeddable":true,"href":"https:\/\/aqm4wd.com\/en\/wp-json\/wp\/v2\/media\/7452"}],"wp:attachment":[{"href":"https:\/\/aqm4wd.com\/en\/wp-json\/wp\/v2\/media?parent=7198"}],"wp:term":[{"taxonomy":"product_cat","embeddable":true,"href":"https:\/\/aqm4wd.com\/en\/wp-json\/wp\/v2\/product_cat?post=7198"},{"taxonomy":"product_tag","embeddable":true,"href":"https:\/\/aqm4wd.com\/en\/wp-json\/wp\/v2\/product_tag?post=7198"}],"curies":[{"name":"wp","href":"https:\/\/api.w.org\/{rel}","templated":true}]}}