{"id":8164,"date":"2024-10-30T12:02:04","date_gmt":"2024-10-30T09:02:04","guid":{"rendered":"https:\/\/aqm4wd.com\/?post_type=product&#038;p=8164"},"modified":"2024-10-30T15:54:27","modified_gmt":"2024-10-30T12:54:27","slug":"pwt23-ranger-plus-chrome","status":"publish","type":"product","link":"https:\/\/aqm4wd.com\/en\/product\/pwt23-ranger-plus-chrome\/","title":{"rendered":"PWT23 &#8211; Ranger Plus Chrome"},"content":{"rendered":"<p><strong>TEKN\u0130K \u00d6ZELL\u0130KLER<\/strong><\/p>\n<p>&nbsp;<\/p>\n<p><strong>Stil ve Sa\u011flaml\u0131k!<\/strong><\/p>\n<p>&nbsp;<\/p>\n<ul>\n<li>\u00dcr\u00fcn\u00fcm\u00fcz, 70*1,5 mm borudan (304 kalite) \u00fcretilmi\u015ftir.<\/li>\n<li>Boru b\u00fck\u00fcm makinas\u0131 ile \u00f6zel tasar\u0131m formlar\u0131 olu\u015fturulur.<\/li>\n<li>Parlak bir g\u00f6r\u00fcn\u00fcm elde etmek i\u00e7in \u00f6zenle yap\u0131lm\u0131\u015f polisaj uygulamas\u0131ndan ge\u00e7irilmi\u015ftir Bu i\u015flem, \u00fcr\u00fcne zarif bir g\u00f6r\u00fcn\u00fcm ve dokunsal bir \u00e7ekicilik katarken, kaliteyi ve esteti\u011fi art\u0131r\u0131r.<\/li>\n<li>\u00d6zel olarak tasarlanm\u0131\u015f slot delikler sayesinde kolay montaj sa\u011flar ve kullan\u0131c\u0131ya pratik bir deneyim sunar.<\/li>\n<\/ul>\n<p>&nbsp;<\/p>\n<p><strong>Easy Installation and Compatibility<\/strong><\/p>\n<p>&nbsp;<\/p>\n<p>Our front protection products are designed to be compatible with your vehicle and are remarkably easy to install. You can carry out the installation process even without a professional team. This way, you can swiftly prepare your vehicle for the off-road adventure.<\/p>","protected":false},"excerpt":{"rendered":"<p>PWT23 Front Bumper \/ Guard<\/p>","protected":false},"featured_media":8165,"template":"","meta":[],"product_cat":[85],"product_tag":[],"yoast_head":"<!-- This site is optimized with the Yoast SEO plugin v21.6 - https:\/\/yoast.com\/wordpress\/plugins\/seo\/ -->\n<title>PWT23 - Ranger Plus Chrome - AQM4WD AUTO ACCESSORIES<\/title>\n<meta name=\"robots\" content=\"index, follow, max-snippet:-1, max-image-preview:large, max-video-preview:-1\" \/>\n<link rel=\"canonical\" href=\"https:\/\/aqm4wd.com\/en\/product\/pwt23-ranger-plus-chrome\/\" \/>\n<meta property=\"og:locale\" content=\"en_US\" \/>\n<meta property=\"og:type\" content=\"article\" \/>\n<meta property=\"og:title\" content=\"PWT23 - Ranger Plus Chrome - AQM4WD AUTO ACCESSORIES\" \/>\n<meta property=\"og:description\" content=\"PWT23 Front Bumper \/ Guard\" \/>\n<meta property=\"og:url\" content=\"https:\/\/aqm4wd.com\/en\/product\/pwt23-ranger-plus-chrome\/\" \/>\n<meta property=\"og:site_name\" content=\"AQM4WD AUTO ACCESSORIES\" \/>\n<meta property=\"article:modified_time\" content=\"2024-10-30T12:54:27+00:00\" \/>\n<meta property=\"og:image\" content=\"https:\/\/aqm4wd.com\/wp-content\/uploads\/2024\/10\/PST23-Front-guard-scaled.jpg\" \/>\n\t<meta property=\"og:image:width\" content=\"2560\" \/>\n\t<meta property=\"og:image:height\" content=\"2560\" \/>\n\t<meta property=\"og:image:type\" content=\"image\/jpeg\" \/>\n<meta name=\"twitter:card\" content=\"summary_large_image\" \/>\n<meta name=\"twitter:label1\" content=\"Est. reading time\" \/>\n\t<meta name=\"twitter:data1\" content=\"1 minute\" \/>\n<script type=\"application\/ld+json\" class=\"yoast-schema-graph\">{\"@context\":\"https:\/\/schema.org\",\"@graph\":[{\"@type\":\"WebPage\",\"@id\":\"https:\/\/aqm4wd.com\/en\/product\/pwt23-ranger-plus-chrome\/\",\"url\":\"https:\/\/aqm4wd.com\/en\/product\/pwt23-ranger-plus-chrome\/\",\"name\":\"PWT23 - Ranger Plus Chrome - AQM4WD AUTO ACCESSORIES\",\"isPartOf\":{\"@id\":\"https:\/\/aqm4wd.com\/#website\"},\"datePublished\":\"2024-10-30T09:02:04+00:00\",\"dateModified\":\"2024-10-30T12:54:27+00:00\",\"breadcrumb\":{\"@id\":\"https:\/\/aqm4wd.com\/en\/product\/pwt23-ranger-plus-chrome\/#breadcrumb\"},\"inLanguage\":\"en-US\",\"potentialAction\":[{\"@type\":\"ReadAction\",\"target\":[\"https:\/\/aqm4wd.com\/en\/product\/pwt23-ranger-plus-chrome\/\"]}]},{\"@type\":\"BreadcrumbList\",\"@id\":\"https:\/\/aqm4wd.com\/en\/product\/pwt23-ranger-plus-chrome\/#breadcrumb\",\"itemListElement\":[{\"@type\":\"ListItem\",\"position\":1,\"name\":\"Anasayfa\",\"item\":\"https:\/\/aqm4wd.com\/\"},{\"@type\":\"ListItem\",\"position\":2,\"name\":\"Shop\",\"item\":\"https:\/\/aqm4wd.com\/shop\/\"},{\"@type\":\"ListItem\",\"position\":3,\"name\":\"PWT23 &#8211; Ranger Plus Chrome\"}]},{\"@type\":\"WebSite\",\"@id\":\"https:\/\/aqm4wd.com\/#website\",\"url\":\"https:\/\/aqm4wd.com\/\",\"name\":\"AQM4WD AUTO ACCESSORIES\",\"description\":\"\",\"publisher\":{\"@id\":\"https:\/\/aqm4wd.com\/#organization\"},\"potentialAction\":[{\"@type\":\"SearchAction\",\"target\":{\"@type\":\"EntryPoint\",\"urlTemplate\":\"https:\/\/aqm4wd.com\/?s={search_term_string}\"},\"query-input\":\"required name=search_term_string\"}],\"inLanguage\":\"en-US\"},{\"@type\":\"Organization\",\"@id\":\"https:\/\/aqm4wd.com\/#organization\",\"name\":\"AQM4WD AUTO ACCESSORIES\",\"url\":\"https:\/\/aqm4wd.com\/\",\"logo\":{\"@type\":\"ImageObject\",\"inLanguage\":\"en-US\",\"@id\":\"https:\/\/aqm4wd.com\/#\/schema\/logo\/image\/\",\"url\":\"https:\/\/aqm4wd.com\/wp-content\/uploads\/2022\/08\/aqm4wd-kurumsal-logo-01.png\",\"contentUrl\":\"https:\/\/aqm4wd.com\/wp-content\/uploads\/2022\/08\/aqm4wd-kurumsal-logo-01.png\",\"width\":1013,\"height\":221,\"caption\":\"AQM4WD AUTO ACCESSORIES\"},\"image\":{\"@id\":\"https:\/\/aqm4wd.com\/#\/schema\/logo\/image\/\"},\"sameAs\":[\"https:\/\/www.linkedin.com\/company\/71521920\/admin\/feed\/posts\/\",\"https:\/\/www.youtube.com\/channel\/UCdGwcne6TIzYS20jy4Lk0Rw\",\"https:\/\/www.instagram.com\/aqm4wd\/\"]}]}<\/script>\n<!-- \/ Yoast SEO plugin. -->","yoast_head_json":{"title":"PWT23 - Ranger Plus Chrome - AQM4WD AUTO ACCESSORIES","robots":{"index":"index","follow":"follow","max-snippet":"max-snippet:-1","max-image-preview":"max-image-preview:large","max-video-preview":"max-video-preview:-1"},"canonical":"https:\/\/aqm4wd.com\/en\/product\/pwt23-ranger-plus-chrome\/","og_locale":"en_US","og_type":"article","og_title":"PWT23 - Ranger Plus Chrome - AQM4WD AUTO ACCESSORIES","og_description":"PWT23 Front Bumper \/ Guard","og_url":"https:\/\/aqm4wd.com\/en\/product\/pwt23-ranger-plus-chrome\/","og_site_name":"AQM4WD AUTO ACCESSORIES","article_modified_time":"2024-10-30T12:54:27+00:00","og_image":[{"width":2560,"height":2560,"url":"https:\/\/aqm4wd.com\/wp-content\/uploads\/2024\/10\/PST23-Front-guard-scaled.jpg","type":"image\/jpeg"}],"twitter_card":"summary_large_image","twitter_misc":{"Est. reading time":"1 minute"},"schema":{"@context":"https:\/\/schema.org","@graph":[{"@type":"WebPage","@id":"https:\/\/aqm4wd.com\/en\/product\/pwt23-ranger-plus-chrome\/","url":"https:\/\/aqm4wd.com\/en\/product\/pwt23-ranger-plus-chrome\/","name":"PWT23 - Ranger Plus Chrome - AQM4WD AUTO ACCESSORIES","isPartOf":{"@id":"https:\/\/aqm4wd.com\/#website"},"datePublished":"2024-10-30T09:02:04+00:00","dateModified":"2024-10-30T12:54:27+00:00","breadcrumb":{"@id":"https:\/\/aqm4wd.com\/en\/product\/pwt23-ranger-plus-chrome\/#breadcrumb"},"inLanguage":"en-US","potentialAction":[{"@type":"ReadAction","target":["https:\/\/aqm4wd.com\/en\/product\/pwt23-ranger-plus-chrome\/"]}]},{"@type":"BreadcrumbList","@id":"https:\/\/aqm4wd.com\/en\/product\/pwt23-ranger-plus-chrome\/#breadcrumb","itemListElement":[{"@type":"ListItem","position":1,"name":"Anasayfa","item":"https:\/\/aqm4wd.com\/"},{"@type":"ListItem","position":2,"name":"Shop","item":"https:\/\/aqm4wd.com\/shop\/"},{"@type":"ListItem","position":3,"name":"PWT23 &#8211; Ranger Plus Chrome"}]},{"@type":"WebSite","@id":"https:\/\/aqm4wd.com\/#website","url":"https:\/\/aqm4wd.com\/","name":"AQM4WD AUTO ACCESSORIES","description":"","publisher":{"@id":"https:\/\/aqm4wd.com\/#organization"},"potentialAction":[{"@type":"SearchAction","target":{"@type":"EntryPoint","urlTemplate":"https:\/\/aqm4wd.com\/?s={search_term_string}"},"query-input":"required name=search_term_string"}],"inLanguage":"en-US"},{"@type":"Organization","@id":"https:\/\/aqm4wd.com\/#organization","name":"AQM4WD AUTO ACCESSORIES","url":"https:\/\/aqm4wd.com\/","logo":{"@type":"ImageObject","inLanguage":"en-US","@id":"https:\/\/aqm4wd.com\/#\/schema\/logo\/image\/","url":"https:\/\/aqm4wd.com\/wp-content\/uploads\/2022\/08\/aqm4wd-kurumsal-logo-01.png","contentUrl":"https:\/\/aqm4wd.com\/wp-content\/uploads\/2022\/08\/aqm4wd-kurumsal-logo-01.png","width":1013,"height":221,"caption":"AQM4WD AUTO ACCESSORIES"},"image":{"@id":"https:\/\/aqm4wd.com\/#\/schema\/logo\/image\/"},"sameAs":["https:\/\/www.linkedin.com\/company\/71521920\/admin\/feed\/posts\/","https:\/\/www.youtube.com\/channel\/UCdGwcne6TIzYS20jy4Lk0Rw","https:\/\/www.instagram.com\/aqm4wd\/"]}]}},"_links":{"self":[{"href":"https:\/\/aqm4wd.com\/en\/wp-json\/wp\/v2\/product\/8164"}],"collection":[{"href":"https:\/\/aqm4wd.com\/en\/wp-json\/wp\/v2\/product"}],"about":[{"href":"https:\/\/aqm4wd.com\/en\/wp-json\/wp\/v2\/types\/product"}],"version-history":[{"count":2,"href":"https:\/\/aqm4wd.com\/en\/wp-json\/wp\/v2\/product\/8164\/revisions"}],"predecessor-version":[{"id":8167,"href":"https:\/\/aqm4wd.com\/en\/wp-json\/wp\/v2\/product\/8164\/revisions\/8167"}],"wp:featuredmedia":[{"embeddable":true,"href":"https:\/\/aqm4wd.com\/en\/wp-json\/wp\/v2\/media\/8165"}],"wp:attachment":[{"href":"https:\/\/aqm4wd.com\/en\/wp-json\/wp\/v2\/media?parent=8164"}],"wp:term":[{"taxonomy":"product_cat","embeddable":true,"href":"https:\/\/aqm4wd.com\/en\/wp-json\/wp\/v2\/product_cat?post=8164"},{"taxonomy":"product_tag","embeddable":true,"href":"https:\/\/aqm4wd.com\/en\/wp-json\/wp\/v2\/product_tag?post=8164"}],"curies":[{"name":"wp","href":"https:\/\/api.w.org\/{rel}","templated":true}]}}