{"id":8401,"date":"2024-11-04T10:16:09","date_gmt":"2024-11-04T07:16:09","guid":{"rendered":"https:\/\/aqm4wd.com\/?post_type=product&#038;p=8401"},"modified":"2024-11-04T10:23:03","modified_gmt":"2024-11-04T07:23:03","slug":"aqm-k40-spare-tire-utility-basket","status":"publish","type":"product","link":"https:\/\/aqm4wd.com\/en\/product\/aqm-k40-spare-tire-utility-basket\/","title":{"rendered":"AQM-K40 Spare Tire Utility Basket"},"content":{"rendered":"<p><img loading=\"lazy\" decoding=\"async\" class=\"alignnone wp-image-8360 size-medium\" src=\"http:\/\/aqm4wd.com\/wp-content\/uploads\/2022\/09\/K40-Vehicle-Accessories-300x300.jpg\" alt=\"\" width=\"300\" height=\"300\" srcset=\"https:\/\/aqm4wd.com\/wp-content\/uploads\/2022\/09\/K40-Vehicle-Accessories-300x300.jpg 300w, https:\/\/aqm4wd.com\/wp-content\/uploads\/2022\/09\/K40-Vehicle-Accessories-1024x1024.jpg 1024w, https:\/\/aqm4wd.com\/wp-content\/uploads\/2022\/09\/K40-Vehicle-Accessories-150x150.jpg 150w, https:\/\/aqm4wd.com\/wp-content\/uploads\/2022\/09\/K40-Vehicle-Accessories-768x768.jpg 768w, https:\/\/aqm4wd.com\/wp-content\/uploads\/2022\/09\/K40-Vehicle-Accessories-1536x1536.jpg 1536w, https:\/\/aqm4wd.com\/wp-content\/uploads\/2022\/09\/K40-Vehicle-Accessories-12x12.jpg 12w, https:\/\/aqm4wd.com\/wp-content\/uploads\/2022\/09\/K40-Vehicle-Accessories-600x600.jpg 600w, https:\/\/aqm4wd.com\/wp-content\/uploads\/2022\/09\/K40-Vehicle-Accessories-100x100.jpg 100w, https:\/\/aqm4wd.com\/wp-content\/uploads\/2022\/09\/K40-Vehicle-Accessories.jpg 2000w\" sizes=\"(max-width: 300px) 100vw, 300px\" \/><\/p>\n<p>&nbsp;<\/p>\n<p>&nbsp;<\/p>\n<p>&nbsp;<\/p>\n<p>&nbsp;<\/p>\n<p>&nbsp;<\/p>\n<p>&nbsp;<\/p>\n<p>&nbsp;<\/p>\n<p>&nbsp;<\/p>\n<p>&nbsp;<\/p>\n<p>&nbsp;<\/p>\n<p>&nbsp;<\/p>\n<p>&nbsp;<\/p>\n<p>&nbsp;<\/p>\n<p>&nbsp;<\/p>\n<p><strong>Hepsi Bir Arada: Stil, Dayan\u0131kl\u0131l\u0131k ve Pratiklik!<\/strong><\/p>\n<p>Macera dolu yolculuklar\u0131n\u0131za \u00e7ok ama\u00e7l\u0131 \u00e7\u00f6z\u00fcmler ekleyin! AQM-K40 \u00c7ok Ama\u00e7l\u0131 Stepne Sepeti, yedek lastik ta\u015f\u0131man\u0131n \u00f6tesinde, ekstra alan ve pratiklik sunarak ihtiya\u00e7lar\u0131n\u0131z\u0131 kolayca kar\u015f\u0131laman\u0131z\u0131 sa\u011flar. Sa\u011flam yap\u0131s\u0131 ve \u015f\u0131k tasar\u0131m\u0131yla uzun yolculuklarda veya zorlu ko\u015fullarda ekipmanlar\u0131n\u0131z\u0131 g\u00fcvenle ta\u015f\u0131yabilirsiniz. Kamp malzemeleri, spor ekipmanlar\u0131 veya ekstra \u00e7antalar gibi e\u015fyalar\u0131n\u0131z\u0131 rahat\u00e7a depolayarak arac\u0131n\u0131z\u0131n i\u00e7ini geni\u015f ve d\u00fczenli tutabilirsiniz.<\/p>\n<p>Bu \u00fcr\u00fcn, dayan\u0131kl\u0131 karbon \u00e7elik ve al\u00fcminyum malzemelerle \u00fcretilmi\u015ftir. Tesisimizde deneyimli personelimiz taraf\u0131ndan, her \u00fcretim a\u015famas\u0131 titizlikle takip edilmekte ve kontrol edilmektedir.<\/p>\n<p><strong>Kolay Kurulum ve Uyum Sa\u011flama<\/strong><\/p>\n<p>AQM-K40 \u00c7ok Ama\u00e7l\u0131 Stepne Sepeti, arac\u0131n\u0131za uyumlu olacak \u015fekilde tasarlanm\u0131\u015ft\u0131r. Kolay kurulum sayesinde uzman bir ekibe ihtiya\u00e7 duymadan h\u0131zla monte edebilirsiniz. B\u00f6ylece, arac\u0131n\u0131z\u0131 k\u0131sa s\u00fcrede off-road maceralar\u0131n\u0131za haz\u0131r hale getirebilirsiniz.<\/p>\n<p>&nbsp;<\/p>","protected":false},"excerpt":{"rendered":"<p>AQM-K40 Spare Tire Utility Basket<\/p>","protected":false},"featured_media":8361,"template":"","meta":[],"product_cat":[16],"product_tag":[],"yoast_head":"<!-- This site is optimized with the Yoast SEO plugin v21.6 - https:\/\/yoast.com\/wordpress\/plugins\/seo\/ -->\n<title>AQM-K40 Spare Tire Utility Basket - AQM4WD AUTO ACCESSORIES<\/title>\n<meta name=\"robots\" content=\"index, follow, max-snippet:-1, max-image-preview:large, max-video-preview:-1\" \/>\n<link rel=\"canonical\" href=\"https:\/\/aqm4wd.com\/en\/product\/aqm-k40-spare-tire-utility-basket\/\" \/>\n<meta property=\"og:locale\" content=\"en_US\" \/>\n<meta property=\"og:type\" content=\"article\" \/>\n<meta property=\"og:title\" content=\"AQM-K40 Spare Tire Utility Basket - AQM4WD AUTO ACCESSORIES\" \/>\n<meta property=\"og:description\" content=\"AQM-K40 Spare Tire Utility Basket\" \/>\n<meta property=\"og:url\" content=\"https:\/\/aqm4wd.com\/en\/product\/aqm-k40-spare-tire-utility-basket\/\" \/>\n<meta property=\"og:site_name\" content=\"AQM4WD AUTO ACCESSORIES\" \/>\n<meta property=\"article:modified_time\" content=\"2024-11-04T07:23:03+00:00\" \/>\n<meta property=\"og:image\" content=\"https:\/\/aqm4wd.com\/wp-content\/uploads\/2022\/09\/K40-scaled.jpg\" \/>\n\t<meta property=\"og:image:width\" content=\"2560\" \/>\n\t<meta property=\"og:image:height\" content=\"2560\" \/>\n\t<meta property=\"og:image:type\" content=\"image\/jpeg\" \/>\n<meta name=\"twitter:card\" content=\"summary_large_image\" \/>\n<meta name=\"twitter:label1\" content=\"Est. reading time\" \/>\n\t<meta name=\"twitter:data1\" content=\"1 minute\" \/>\n<script type=\"application\/ld+json\" class=\"yoast-schema-graph\">{\"@context\":\"https:\/\/schema.org\",\"@graph\":[{\"@type\":\"WebPage\",\"@id\":\"https:\/\/aqm4wd.com\/urun\/aqm-k40-spare-tire-utility-basket\/\",\"url\":\"https:\/\/aqm4wd.com\/urun\/aqm-k40-spare-tire-utility-basket\/\",\"name\":\"AQM-K40 Spare Tire Utility Basket - AQM4WD AUTO ACCESSORIES\",\"isPartOf\":{\"@id\":\"https:\/\/aqm4wd.com\/#website\"},\"datePublished\":\"2024-11-04T07:16:09+00:00\",\"dateModified\":\"2024-11-04T07:23:03+00:00\",\"breadcrumb\":{\"@id\":\"https:\/\/aqm4wd.com\/urun\/aqm-k40-spare-tire-utility-basket\/#breadcrumb\"},\"inLanguage\":\"en-US\",\"potentialAction\":[{\"@type\":\"ReadAction\",\"target\":[\"https:\/\/aqm4wd.com\/urun\/aqm-k40-spare-tire-utility-basket\/\"]}]},{\"@type\":\"BreadcrumbList\",\"@id\":\"https:\/\/aqm4wd.com\/urun\/aqm-k40-spare-tire-utility-basket\/#breadcrumb\",\"itemListElement\":[{\"@type\":\"ListItem\",\"position\":1,\"name\":\"Anasayfa\",\"item\":\"https:\/\/aqm4wd.com\/\"},{\"@type\":\"ListItem\",\"position\":2,\"name\":\"Shop\",\"item\":\"https:\/\/aqm4wd.com\/shop\/\"},{\"@type\":\"ListItem\",\"position\":3,\"name\":\"AQM-K40 Spare Tire Utility Basket\"}]},{\"@type\":\"WebSite\",\"@id\":\"https:\/\/aqm4wd.com\/#website\",\"url\":\"https:\/\/aqm4wd.com\/\",\"name\":\"AQM4WD AUTO ACCESSORIES\",\"description\":\"\",\"publisher\":{\"@id\":\"https:\/\/aqm4wd.com\/#organization\"},\"potentialAction\":[{\"@type\":\"SearchAction\",\"target\":{\"@type\":\"EntryPoint\",\"urlTemplate\":\"https:\/\/aqm4wd.com\/?s={search_term_string}\"},\"query-input\":\"required name=search_term_string\"}],\"inLanguage\":\"en-US\"},{\"@type\":\"Organization\",\"@id\":\"https:\/\/aqm4wd.com\/#organization\",\"name\":\"AQM4WD AUTO ACCESSORIES\",\"url\":\"https:\/\/aqm4wd.com\/\",\"logo\":{\"@type\":\"ImageObject\",\"inLanguage\":\"en-US\",\"@id\":\"https:\/\/aqm4wd.com\/#\/schema\/logo\/image\/\",\"url\":\"https:\/\/aqm4wd.com\/wp-content\/uploads\/2022\/08\/aqm4wd-kurumsal-logo-01.png\",\"contentUrl\":\"https:\/\/aqm4wd.com\/wp-content\/uploads\/2022\/08\/aqm4wd-kurumsal-logo-01.png\",\"width\":1013,\"height\":221,\"caption\":\"AQM4WD AUTO ACCESSORIES\"},\"image\":{\"@id\":\"https:\/\/aqm4wd.com\/#\/schema\/logo\/image\/\"},\"sameAs\":[\"https:\/\/www.linkedin.com\/company\/71521920\/admin\/feed\/posts\/\",\"https:\/\/www.youtube.com\/channel\/UCdGwcne6TIzYS20jy4Lk0Rw\",\"https:\/\/www.instagram.com\/aqm4wd\/\"]}]}<\/script>\n<!-- \/ Yoast SEO plugin. -->","yoast_head_json":{"title":"AQM-K40 Spare Tire Utility Basket - AQM4WD AUTO ACCESSORIES","robots":{"index":"index","follow":"follow","max-snippet":"max-snippet:-1","max-image-preview":"max-image-preview:large","max-video-preview":"max-video-preview:-1"},"canonical":"https:\/\/aqm4wd.com\/en\/product\/aqm-k40-spare-tire-utility-basket\/","og_locale":"en_US","og_type":"article","og_title":"AQM-K40 Spare Tire Utility Basket - AQM4WD AUTO ACCESSORIES","og_description":"AQM-K40 Spare Tire Utility Basket","og_url":"https:\/\/aqm4wd.com\/en\/product\/aqm-k40-spare-tire-utility-basket\/","og_site_name":"AQM4WD AUTO ACCESSORIES","article_modified_time":"2024-11-04T07:23:03+00:00","og_image":[{"width":2560,"height":2560,"url":"https:\/\/aqm4wd.com\/wp-content\/uploads\/2022\/09\/K40-scaled.jpg","type":"image\/jpeg"}],"twitter_card":"summary_large_image","twitter_misc":{"Est. reading time":"1 minute"},"schema":{"@context":"https:\/\/schema.org","@graph":[{"@type":"WebPage","@id":"https:\/\/aqm4wd.com\/urun\/aqm-k40-spare-tire-utility-basket\/","url":"https:\/\/aqm4wd.com\/urun\/aqm-k40-spare-tire-utility-basket\/","name":"AQM-K40 Spare Tire Utility Basket - AQM4WD AUTO ACCESSORIES","isPartOf":{"@id":"https:\/\/aqm4wd.com\/#website"},"datePublished":"2024-11-04T07:16:09+00:00","dateModified":"2024-11-04T07:23:03+00:00","breadcrumb":{"@id":"https:\/\/aqm4wd.com\/urun\/aqm-k40-spare-tire-utility-basket\/#breadcrumb"},"inLanguage":"en-US","potentialAction":[{"@type":"ReadAction","target":["https:\/\/aqm4wd.com\/urun\/aqm-k40-spare-tire-utility-basket\/"]}]},{"@type":"BreadcrumbList","@id":"https:\/\/aqm4wd.com\/urun\/aqm-k40-spare-tire-utility-basket\/#breadcrumb","itemListElement":[{"@type":"ListItem","position":1,"name":"Anasayfa","item":"https:\/\/aqm4wd.com\/"},{"@type":"ListItem","position":2,"name":"Shop","item":"https:\/\/aqm4wd.com\/shop\/"},{"@type":"ListItem","position":3,"name":"AQM-K40 Spare Tire Utility Basket"}]},{"@type":"WebSite","@id":"https:\/\/aqm4wd.com\/#website","url":"https:\/\/aqm4wd.com\/","name":"AQM4WD AUTO ACCESSORIES","description":"","publisher":{"@id":"https:\/\/aqm4wd.com\/#organization"},"potentialAction":[{"@type":"SearchAction","target":{"@type":"EntryPoint","urlTemplate":"https:\/\/aqm4wd.com\/?s={search_term_string}"},"query-input":"required name=search_term_string"}],"inLanguage":"en-US"},{"@type":"Organization","@id":"https:\/\/aqm4wd.com\/#organization","name":"AQM4WD AUTO ACCESSORIES","url":"https:\/\/aqm4wd.com\/","logo":{"@type":"ImageObject","inLanguage":"en-US","@id":"https:\/\/aqm4wd.com\/#\/schema\/logo\/image\/","url":"https:\/\/aqm4wd.com\/wp-content\/uploads\/2022\/08\/aqm4wd-kurumsal-logo-01.png","contentUrl":"https:\/\/aqm4wd.com\/wp-content\/uploads\/2022\/08\/aqm4wd-kurumsal-logo-01.png","width":1013,"height":221,"caption":"AQM4WD AUTO ACCESSORIES"},"image":{"@id":"https:\/\/aqm4wd.com\/#\/schema\/logo\/image\/"},"sameAs":["https:\/\/www.linkedin.com\/company\/71521920\/admin\/feed\/posts\/","https:\/\/www.youtube.com\/channel\/UCdGwcne6TIzYS20jy4Lk0Rw","https:\/\/www.instagram.com\/aqm4wd\/"]}]}},"_links":{"self":[{"href":"https:\/\/aqm4wd.com\/en\/wp-json\/wp\/v2\/product\/8401"}],"collection":[{"href":"https:\/\/aqm4wd.com\/en\/wp-json\/wp\/v2\/product"}],"about":[{"href":"https:\/\/aqm4wd.com\/en\/wp-json\/wp\/v2\/types\/product"}],"version-history":[{"count":3,"href":"https:\/\/aqm4wd.com\/en\/wp-json\/wp\/v2\/product\/8401\/revisions"}],"predecessor-version":[{"id":8404,"href":"https:\/\/aqm4wd.com\/en\/wp-json\/wp\/v2\/product\/8401\/revisions\/8404"}],"wp:featuredmedia":[{"embeddable":true,"href":"https:\/\/aqm4wd.com\/en\/wp-json\/wp\/v2\/media\/8361"}],"wp:attachment":[{"href":"https:\/\/aqm4wd.com\/en\/wp-json\/wp\/v2\/media?parent=8401"}],"wp:term":[{"taxonomy":"product_cat","embeddable":true,"href":"https:\/\/aqm4wd.com\/en\/wp-json\/wp\/v2\/product_cat?post=8401"},{"taxonomy":"product_tag","embeddable":true,"href":"https:\/\/aqm4wd.com\/en\/wp-json\/wp\/v2\/product_tag?post=8401"}],"curies":[{"name":"wp","href":"https:\/\/api.w.org\/{rel}","templated":true}]}}